{"id":3212,"date":"2024-03-07T16:01:46","date_gmt":"2024-03-07T15:01:46","guid":{"rendered":"https:\/\/fredrikstole.com\/?post_type=product&#038;p=3212"},"modified":"2024-03-07T16:06:24","modified_gmt":"2024-03-07T15:06:24","slug":"formuetracker","status":"publish","type":"product","link":"https:\/\/fredrikstole.com\/index.php\/product\/formuetracker\/","title":{"rendered":"FormueTracker"},"content":{"rendered":"<figure id=\"attachment_3049\" aria-describedby=\"caption-attachment-3049\" style=\"width: 300px\" class=\"wp-caption alignnone\"><img fetchpriority=\"high\" decoding=\"async\" class=\"size-medium wp-image-3049\" src=\"http:\/\/fredrikstole.com\/wp-content\/uploads\/2024\/01\/pexels-photo-669615-300x199.jpeg\" alt=\"person writing on notebook\" width=\"300\" height=\"199\" srcset=\"https:\/\/fredrikstole.com\/wp-content\/uploads\/2024\/01\/pexels-photo-669615-300x199.jpeg 300w, https:\/\/fredrikstole.com\/wp-content\/uploads\/2024\/01\/pexels-photo-669615-1024x678.jpeg 1024w, https:\/\/fredrikstole.com\/wp-content\/uploads\/2024\/01\/pexels-photo-669615-768x509.jpeg 768w, https:\/\/fredrikstole.com\/wp-content\/uploads\/2024\/01\/pexels-photo-669615-1536x1017.jpeg 1536w, https:\/\/fredrikstole.com\/wp-content\/uploads\/2024\/01\/pexels-photo-669615-600x397.jpeg 600w, https:\/\/fredrikstole.com\/wp-content\/uploads\/2024\/01\/pexels-photo-669615.jpeg 1880w\" sizes=\"(max-width: 300px) 100vw, 300px\" \/><figcaption id=\"caption-attachment-3049\" class=\"wp-caption-text\">Photo by Lukas on <a href=\"https:\/\/www.pexels.com\/photo\/person-writing-on-notebook-669615\/\" rel=\"nofollow\">Pexels.com<\/a><\/figcaption><\/figure>\n","protected":false},"excerpt":{"rendered":"<p>Et Excelark hvor du kan legge inn formuen din, sette et sparem\u00e5l og finne ut hvor mye du m\u00e5 investere for \u00e5 n\u00e5 det.<\/p>\n","protected":false},"featured_media":3161,"comment_status":"closed","ping_status":"closed","template":"","meta":{"_uag_custom_page_level_css":"","site-sidebar-layout":"default","site-content-layout":"","ast-site-content-layout":"default","site-content-style":"default","site-sidebar-style":"default","ast-global-header-display":"","ast-banner-title-visibility":"","ast-main-header-display":"","ast-hfb-above-header-display":"","ast-hfb-below-header-display":"","ast-hfb-mobile-header-display":"","site-post-title":"","ast-breadcrumbs-content":"","ast-featured-img":"","footer-sml-layout":"","theme-transparent-header-meta":"default","adv-header-id-meta":"","stick-header-meta":"","header-above-stick-meta":"","header-main-stick-meta":"","header-below-stick-meta":"","astra-migrate-meta-layouts":"set","ast-page-background-enabled":"default","ast-page-background-meta":{"desktop":{"background-color":"var(--ast-global-color-4)","background-image":"","background-repeat":"repeat","background-position":"center center","background-size":"auto","background-attachment":"scroll","background-type":"","background-media":"","overlay-type":"","overlay-color":"","overlay-gradient":""},"tablet":{"background-color":"","background-image":"","background-repeat":"repeat","background-position":"center center","background-size":"auto","background-attachment":"scroll","background-type":"","background-media":"","overlay-type":"","overlay-color":"","overlay-gradient":""},"mobile":{"background-color":"","background-image":"","background-repeat":"repeat","background-position":"center center","background-size":"auto","background-attachment":"scroll","background-type":"","background-media":"","overlay-type":"","overlay-color":"","overlay-gradient":""}},"ast-content-background-meta":{"desktop":{"background-color":"var(--ast-global-color-5)","background-image":"","background-repeat":"repeat","background-position":"center center","background-size":"auto","background-attachment":"scroll","background-type":"","background-media":"","overlay-type":"","overlay-color":"","overlay-gradient":""},"tablet":{"background-color":"var(--ast-global-color-5)","background-image":"","background-repeat":"repeat","background-position":"center center","background-size":"auto","background-attachment":"scroll","background-type":"","background-media":"","overlay-type":"","overlay-color":"","overlay-gradient":""},"mobile":{"background-color":"var(--ast-global-color-5)","background-image":"","background-repeat":"repeat","background-position":"center center","background-size":"auto","background-attachment":"scroll","background-type":"","background-media":"","overlay-type":"","overlay-color":"","overlay-gradient":""}}},"product_cat":[23],"product_tag":[24,25],"jetpack_sharing_enabled":true,"uagb_featured_image_src":{"full":["https:\/\/fredrikstole.com\/wp-content\/uploads\/2024\/03\/pexels-photo-259091.jpeg",1880,1253,false],"thumbnail":["https:\/\/fredrikstole.com\/wp-content\/uploads\/2024\/03\/pexels-photo-259091-150x150.jpeg",150,150,true],"medium":["https:\/\/fredrikstole.com\/wp-content\/uploads\/2024\/03\/pexels-photo-259091-300x200.jpeg",300,200,true],"medium_large":["https:\/\/fredrikstole.com\/wp-content\/uploads\/2024\/03\/pexels-photo-259091-768x512.jpeg",768,512,true],"large":["https:\/\/fredrikstole.com\/wp-content\/uploads\/2024\/03\/pexels-photo-259091-1024x682.jpeg",1024,682,true],"1536x1536":["https:\/\/fredrikstole.com\/wp-content\/uploads\/2024\/03\/pexels-photo-259091-1536x1024.jpeg",1536,1024,true],"2048x2048":["https:\/\/fredrikstole.com\/wp-content\/uploads\/2024\/03\/pexels-photo-259091.jpeg",1880,1253,false],"woocommerce_thumbnail":["https:\/\/fredrikstole.com\/wp-content\/uploads\/2024\/03\/pexels-photo-259091-300x300.jpeg",300,300,true],"woocommerce_single":["https:\/\/fredrikstole.com\/wp-content\/uploads\/2024\/03\/pexels-photo-259091.jpeg",600,400,false],"woocommerce_gallery_thumbnail":["https:\/\/fredrikstole.com\/wp-content\/uploads\/2024\/03\/pexels-photo-259091-100x100.jpeg",100,100,true]},"uagb_author_info":{"display_name":"fredrikstole.com","author_link":"https:\/\/fredrikstole.com\/index.php\/author\/"},"uagb_comment_info":0,"uagb_excerpt":"Et Excelark hvor du kan legge inn formuen din, sette et sparem\u00e5l og finne ut hvor mye du m\u00e5 investere for \u00e5 n\u00e5 det.","_links":{"self":[{"href":"https:\/\/fredrikstole.com\/index.php\/wp-json\/wp\/v2\/product\/3212"}],"collection":[{"href":"https:\/\/fredrikstole.com\/index.php\/wp-json\/wp\/v2\/product"}],"about":[{"href":"https:\/\/fredrikstole.com\/index.php\/wp-json\/wp\/v2\/types\/product"}],"replies":[{"embeddable":true,"href":"https:\/\/fredrikstole.com\/index.php\/wp-json\/wp\/v2\/comments?post=3212"}],"wp:featuredmedia":[{"embeddable":true,"href":"https:\/\/fredrikstole.com\/index.php\/wp-json\/wp\/v2\/media\/3161"}],"wp:attachment":[{"href":"https:\/\/fredrikstole.com\/index.php\/wp-json\/wp\/v2\/media?parent=3212"}],"wp:term":[{"taxonomy":"product_cat","embeddable":true,"href":"https:\/\/fredrikstole.com\/index.php\/wp-json\/wp\/v2\/product_cat?post=3212"},{"taxonomy":"product_tag","embeddable":true,"href":"https:\/\/fredrikstole.com\/index.php\/wp-json\/wp\/v2\/product_tag?post=3212"}],"curies":[{"name":"wp","href":"https:\/\/api.w.org\/{rel}","templated":true}]}}