{"id":3,"date":"2023-06-17T09:26:07","date_gmt":"2023-06-17T07:26:07","guid":{"rendered":"http:\/\/fredrikstole.com\/?page_id=3"},"modified":"2023-08-04T17:38:43","modified_gmt":"2023-08-04T15:38:43","slug":"personvernerklaering","status":"publish","type":"page","link":"https:\/\/fredrikstole.com\/index.php\/personvernerklaering\/","title":{"rendered":"Personvernerkl\u00e6ring"},"content":{"rendered":"\t\t<div data-elementor-type=\"wp-page\" data-elementor-id=\"3\" class=\"elementor elementor-3\">\n\t\t\t\t\t\t<section class=\"elementor-section elementor-top-section elementor-element elementor-element-49966be9 elementor-section-boxed elementor-section-height-default elementor-section-height-default\" data-id=\"49966be9\" data-element_type=\"section\">\n\t\t\t\t\t\t<div class=\"elementor-container elementor-column-gap-default\">\n\t\t\t\t\t<div class=\"elementor-column elementor-col-100 elementor-top-column elementor-element elementor-element-26bcb642\" data-id=\"26bcb642\" data-element_type=\"column\">\n\t\t\t<div class=\"elementor-widget-wrap elementor-element-populated\">\n\t\t\t\t\t\t<div class=\"elementor-element elementor-element-666c7e45 elementor-widget elementor-widget-text-editor\" data-id=\"666c7e45\" data-element_type=\"widget\" data-widget_type=\"text-editor.default\">\n\t\t\t\t<div class=\"elementor-widget-container\">\n\t\t\t\t\t\t\t\t\t<p><\/p>\n<p><span style=\"color: rgb(237, 233, 230); font-family: &quot;Open Sans&quot;, sans-serif; font-size: 30px; font-weight: 700;\">Personvernerkl\u00e6ring<\/span><br><\/p><p><span style=\"color: rgb(237, 233, 230); font-family: &quot;Open Sans&quot;, sans-serif; font-size: 30px; font-weight: 700;\"><br><\/span><\/p><p>H<span style=\"font-weight: normal;\">vis du legger igjen en kommentar p\u00e5 nettstedet v\u00e5rt, kan du velge \u00e5 lagre navn, e-postadresse og nettside i informasjonskapsler. Disse er for enkelhets skyld, slik at du ikke trenger \u00e5 fylle ut opplysningene dine p\u00e5 nytt n\u00e5r du legger igjen en kommentar. Disse informasjonskapslene vil vare i ett \u00e5r. Hvis du bes\u00f8ker p\u00e5loggingsside, vil siden sette en midlertidig informasjonskapsel for \u00e5 avgj\u00f8re om nettleseren din godtar informasjonskapsler. Denne informasjonskapselen inneholder ingen personlige data og blir forkastet n\u00e5r du lukker nettleseren din. N\u00e5r du logger inn, vil vi ogs\u00e5 sette opp flere informasjonskapsler for \u00e5 lagre p\u00e5loggingsinformasjonen og skjermvisningsvalgene dine. Innloggingsinformasjonskapsler varer i to dager, og informasjonskapsler for skjermalternativer varer i ett \u00e5r. Hvis du velger &#8220;Husk meg&#8221;, vil p\u00e5loggingen vedvare i to uker. Hvis du logger ut av kontoen din, vil informasjonskapslene for p\u00e5logging bli fjernet. Hvis du redigerer eller publiserer en artikkel, vil en ekstra informasjonskapsel bli lagret i nettleseren din. Denne informasjonskapselen inneholder ingen personlige data og indikerer bare post-ID-en til artikkelen du nettopp redigerte. Den utl\u00f8per etter 1 dag.<\/span><\/p>\n<p><span style=\"color: #ede9e6; font-family: 'Open Sans', sans-serif; font-size: 1.875rem; font-style: inherit; font-weight: bold;\">&nbsp;<\/span><\/p>\n<p><span style=\"color: #ede9e6; font-family: 'Open Sans', sans-serif; font-size: 1.875rem; font-style: inherit; font-weight: bold;\">Kommentarer<\/span><\/p>\n<p><span style=\"font-style: inherit; font-weight: inherit;\">&nbsp;<\/span><\/p>\n<p><span style=\"font-style: inherit; font-weight: inherit;\">N\u00e5r bes\u00f8kende legger igjen kommentarer p\u00e5 nettstedet, samler siden inn dataene som vises i kommentarskjemaet, og ogs\u00e5 bes\u00f8kendes IP-adresse og nettleserbrukeragentstreng for \u00e5 hjelpe til med \u00e5 oppdage spam. En anonymisert streng opprettet fra e-postadressen din (ogs\u00e5 kalt en hash) kan leveres til Gravatar-tjenesten for \u00e5 se om du bruker den. Gravatar-tjenestens personvernerkl\u00e6ring er tilgjengelig her: https:\/\/automattic.com\/privacy\/. Etter godkjenning av kommentaren din, er profilbildet ditt synlig for offentligheten i sammenheng med kommentaren din.<\/span><\/p>\n<p><span style=\"color: #ede9e6; font-family: 'Open Sans', sans-serif; font-size: 1.875rem; font-weight: bold;\">&nbsp;<\/span><\/p>\n<p><span style=\"color: #ede9e6; font-family: 'Open Sans', sans-serif; font-size: 1.875rem; font-weight: bold;\">Media opplastning<\/span><\/p>\n<p><\/p>\n<p>Hvis du laster opp bilder til nettsiden, b\u00f8r du unng\u00e5 \u00e5 laste opp bilder med innebygde posisjonsdata (EXIF GPS) inkludert. Bes\u00f8kende p\u00e5 nettstedet kan laste ned og trekke ut alle stedsdata fra bilder p\u00e5 nettstedet.<\/p>\n<p><span style=\"color: #ede9e6; font-family: 'Open Sans', sans-serif; font-size: 1.875rem; font-style: inherit; font-weight: bold;\">&nbsp;<\/span><\/p>\n<p><span style=\"color: #ede9e6; font-family: 'Open Sans', sans-serif; font-size: 1.875rem; font-style: inherit; font-weight: bold;\">Innebygget innhold fra andre nettsider<\/span><\/p>\n<p><span style=\"font-style: inherit; font-weight: inherit;\">&nbsp;<\/span><\/p>\n<p><span style=\"font-style: inherit; font-weight: inherit;\">Artikler p\u00e5 dette nettstedet kan inneholde innebygd innhold (f.eks. videoer, bilder, artikler osv.). Innebygd innhold fra andre nettsteder oppf\u00f8rer seg p\u00e5 n\u00f8yaktig samme m\u00e5te som om den bes\u00f8kende har bes\u00f8kt den andre nettsiden. Disse nettstedene kan samle inn data om deg, bruke informasjonskapsler, bygge inn ytterligere tredjepartssporing og overv\u00e5ke interaksjonen din med det innebygde innholdet, inkludert sporing av interaksjonen din med det innebygde innholdet hvis du har en konto og er logget inn p\u00e5 det nettstedet.<\/span><\/p>\n<p><span style=\"color: #ede9e6; font-family: 'Open Sans', sans-serif; font-size: 1.875rem; font-style: inherit; font-weight: bold;\">&nbsp;<\/span><\/p>\n<p><span style=\"color: #ede9e6; font-family: 'Open Sans', sans-serif; font-size: 1.875rem; font-style: inherit; font-weight: bold;\">Hvor lenge holder siden din data<\/span><\/p>\n<p><span style=\"font-style: inherit; font-weight: inherit;\">&nbsp;<\/span><\/p>\n<p><span style=\"font-style: inherit; font-weight: inherit;\">Hvis du legger igjen en kommentar, beholdes kommentaren og dens metadata p\u00e5 ubestemt tid. Dette er slik at siden kan gjenkjenne og godkjenne eventuelle oppf\u00f8lgingskommentarer automatisk i stedet for \u00e5 holde dem i en modereringsk\u00f8. For brukere som registrerer seg p\u00e5 nettstedet (hvis noen), lagrer vi ogs\u00e5 personopplysningene de oppgir i brukerprofilen deres. Alle brukere kan se, redigere eller slette sin personlige informasjon n\u00e5r som helst (bortsett fra at de ikke kan endre brukernavnet sitt). Nettstedsadministratorer kan ogs\u00e5 se og redigere denne informasjonen.<\/span><\/p>\n<p><span style=\"color: #ede9e6; font-family: 'Open Sans', sans-serif; font-size: 1.875rem; font-style: inherit; font-weight: bold;\">&nbsp;<\/span><\/p>\n<p><span style=\"color: #ede9e6; font-family: 'Open Sans', sans-serif; font-size: 1.875rem; font-style: inherit; font-weight: bold;\">Hvilke rettigheter har du over dine data<\/span><\/p>\n<p><span style=\"font-size: 1rem;\">&nbsp;<\/span><\/p>\n<p><span style=\"font-size: 1rem;\">Hvis du har en konto p\u00e5 dette nettstedet, eller har lagt igjen kommentarer, kan du be om \u00e5 motta en eksportert fil med personopplysningene vi har om deg, inkludert data du har gitt siden. Du kan ogs\u00e5 be om at&nbsp; alle personopplysninger siden har om deg slettes. Dette inkluderer ikke data siden er forpliktet til \u00e5 beholde for administrative, juridiske eller sikkerhetsmessige form\u00e5l.<\/span><\/p>\n<p><span style=\"color: #ede9e6; font-family: 'Open Sans', sans-serif; font-size: 1.875rem; font-style: inherit; font-weight: bold;\">&nbsp;<\/span><\/p>\n<p><span style=\"color: #ede9e6; font-family: 'Open Sans', sans-serif; font-size: 1.875rem; font-style: inherit; font-weight: bold;\">Hvor blir dine data sendt<\/span><\/p>\n<p><span style=\"font-style: inherit; font-weight: inherit;\">&nbsp;<\/span><\/p>\n<p><span style=\"font-style: inherit; font-weight: inherit;\">Bes\u00f8kendes kommentarer kan sjekkes gjennom en automatisert spam-deteksjonstjeneste.<\/span><\/p>\n<p><\/p>\t\t\t\t\t\t\t\t<\/div>\n\t\t\t\t<\/div>\n\t\t\t\t\t<\/div>\n\t\t<\/div>\n\t\t\t\t\t<\/div>\n\t\t<\/section>\n\t\t\t\t<\/div>\n\t\t","protected":false},"excerpt":{"rendered":"<p>Personvernerkl\u00e6ring Hvis du legger igjen en kommentar p\u00e5 nettstedet v\u00e5rt, kan du velge \u00e5 lagre navn, e-postadresse og nettside i informasjonskapsler. Disse er for enkelhets skyld, slik at du ikke trenger \u00e5 fylle ut opplysningene dine p\u00e5 nytt n\u00e5r du legger igjen en kommentar. Disse informasjonskapslene vil vare i ett \u00e5r. Hvis du bes\u00f8ker p\u00e5loggingsside, &hellip;<\/p>\n<p class=\"read-more\"> <a class=\"\" href=\"https:\/\/fredrikstole.com\/index.php\/personvernerklaering\/\"> <span class=\"screen-reader-text\">Personvernerkl\u00e6ring<\/span> Read More &raquo;<\/a><\/p>\n","protected":false},"author":1,"featured_media":0,"parent":0,"menu_order":0,"comment_status":"closed","ping_status":"closed","template":"","meta":{"_uag_custom_page_level_css":"","site-sidebar-layout":"default","site-content-layout":"","ast-site-content-layout":"","site-content-style":"default","site-sidebar-style":"default","ast-global-header-display":"","ast-banner-title-visibility":"","ast-main-header-display":"","ast-hfb-above-header-display":"","ast-hfb-below-header-display":"","ast-hfb-mobile-header-display":"","site-post-title":"disabled","ast-breadcrumbs-content":"","ast-featured-img":"","footer-sml-layout":"","theme-transparent-header-meta":"","adv-header-id-meta":"","stick-header-meta":"","header-above-stick-meta":"","header-main-stick-meta":"","header-below-stick-meta":"","astra-migrate-meta-layouts":"default","ast-page-background-enabled":"default","ast-page-background-meta":{"desktop":{"background-color":"var(--ast-global-color-4)","background-image":"","background-repeat":"repeat","background-position":"center center","background-size":"auto","background-attachment":"scroll","background-type":"","background-media":"","overlay-type":"","overlay-color":"","overlay-gradient":""},"tablet":{"background-color":"","background-image":"","background-repeat":"repeat","background-position":"center center","background-size":"auto","background-attachment":"scroll","background-type":"","background-media":"","overlay-type":"","overlay-color":"","overlay-gradient":""},"mobile":{"background-color":"","background-image":"","background-repeat":"repeat","background-position":"center center","background-size":"auto","background-attachment":"scroll","background-type":"","background-media":"","overlay-type":"","overlay-color":"","overlay-gradient":""}},"ast-content-background-meta":{"desktop":{"background-color":"var(--ast-global-color-5)","background-image":"","background-repeat":"repeat","background-position":"center center","background-size":"auto","background-attachment":"scroll","background-type":"","background-media":"","overlay-type":"","overlay-color":"","overlay-gradient":""},"tablet":{"background-color":"var(--ast-global-color-5)","background-image":"","background-repeat":"repeat","background-position":"center center","background-size":"auto","background-attachment":"scroll","background-type":"","background-media":"","overlay-type":"","overlay-color":"","overlay-gradient":""},"mobile":{"background-color":"var(--ast-global-color-5)","background-image":"","background-repeat":"repeat","background-position":"center center","background-size":"auto","background-attachment":"scroll","background-type":"","background-media":"","overlay-type":"","overlay-color":"","overlay-gradient":""}},"footnotes":""},"jetpack_sharing_enabled":true,"uagb_featured_image_src":{"full":false,"thumbnail":false,"medium":false,"medium_large":false,"large":false,"1536x1536":false,"2048x2048":false,"woocommerce_thumbnail":false,"woocommerce_single":false,"woocommerce_gallery_thumbnail":false},"uagb_author_info":{"display_name":"fredrikstole.com","author_link":"https:\/\/fredrikstole.com\/index.php\/author\/fredrikstole-com\/"},"uagb_comment_info":0,"uagb_excerpt":"Personvernerkl\u00e6ring Hvis du legger igjen en kommentar p\u00e5 nettstedet v\u00e5rt, kan du velge \u00e5 lagre navn, e-postadresse og nettside i informasjonskapsler. Disse er for enkelhets skyld, slik at du ikke trenger \u00e5 fylle ut opplysningene dine p\u00e5 nytt n\u00e5r du legger igjen en kommentar. Disse informasjonskapslene vil vare i ett \u00e5r. Hvis du bes\u00f8ker p\u00e5loggingsside,&hellip;","_links":{"self":[{"href":"https:\/\/fredrikstole.com\/index.php\/wp-json\/wp\/v2\/pages\/3"}],"collection":[{"href":"https:\/\/fredrikstole.com\/index.php\/wp-json\/wp\/v2\/pages"}],"about":[{"href":"https:\/\/fredrikstole.com\/index.php\/wp-json\/wp\/v2\/types\/page"}],"author":[{"embeddable":true,"href":"https:\/\/fredrikstole.com\/index.php\/wp-json\/wp\/v2\/users\/1"}],"replies":[{"embeddable":true,"href":"https:\/\/fredrikstole.com\/index.php\/wp-json\/wp\/v2\/comments?post=3"}],"version-history":[{"count":14,"href":"https:\/\/fredrikstole.com\/index.php\/wp-json\/wp\/v2\/pages\/3\/revisions"}],"predecessor-version":[{"id":2364,"href":"https:\/\/fredrikstole.com\/index.php\/wp-json\/wp\/v2\/pages\/3\/revisions\/2364"}],"wp:attachment":[{"href":"https:\/\/fredrikstole.com\/index.php\/wp-json\/wp\/v2\/media?parent=3"}],"curies":[{"name":"wp","href":"https:\/\/api.w.org\/{rel}","templated":true}]}}