{"id":2300,"date":"2023-08-04T08:20:59","date_gmt":"2023-08-04T06:20:59","guid":{"rendered":"https:\/\/fredrikstole.com\/?page_id=2300"},"modified":"2023-08-04T13:18:29","modified_gmt":"2023-08-04T11:18:29","slug":"blog-2","status":"publish","type":"page","link":"https:\/\/fredrikstole.com\/index.php\/innhold\/blog-2\/","title":{"rendered":"Blog"},"content":{"rendered":"\t\t<div data-elementor-type=\"wp-page\" data-elementor-id=\"2300\" class=\"elementor elementor-2300\">\n\t\t\t\t\t\t<section class=\"elementor-section elementor-top-section elementor-element elementor-element-83746e8 elementor-section-height-min-height elementor-section-boxed elementor-section-height-default elementor-section-items-middle\" data-id=\"83746e8\" data-element_type=\"section\" data-settings=\"{&quot;background_background&quot;:&quot;classic&quot;}\">\n\t\t\t\t\t\t\t<div class=\"elementor-background-overlay\"><\/div>\n\t\t\t\t\t\t\t<div class=\"elementor-container elementor-column-gap-default\">\n\t\t\t\t\t<div class=\"elementor-column elementor-col-100 elementor-top-column elementor-element elementor-element-09faee3\" data-id=\"09faee3\" data-element_type=\"column\">\n\t\t\t<div class=\"elementor-widget-wrap elementor-element-populated\">\n\t\t\t\t\t\t<div class=\"elementor-element elementor-element-c7152a9 elementor-widget elementor-widget-heading\" data-id=\"c7152a9\" data-element_type=\"widget\" data-widget_type=\"heading.default\">\n\t\t\t\t<div class=\"elementor-widget-container\">\n\t\t\t\t\t<h1 class=\"elementor-heading-title elementor-size-default\">Blog<\/h1>\t\t\t\t<\/div>\n\t\t\t\t<\/div>\n\t\t\t\t\t<\/div>\n\t\t<\/div>\n\t\t\t\t\t<\/div>\n\t\t<\/section>\n\t\t\t\t<section class=\"elementor-section elementor-top-section elementor-element elementor-element-16c6f29 elementor-section-boxed elementor-section-height-default elementor-section-height-default\" data-id=\"16c6f29\" data-element_type=\"section\">\n\t\t\t\t\t\t<div class=\"elementor-container elementor-column-gap-default\">\n\t\t\t\t\t<div class=\"elementor-column elementor-col-100 elementor-top-column elementor-element elementor-element-1eb6ecb\" data-id=\"1eb6ecb\" data-element_type=\"column\">\n\t\t\t<div class=\"elementor-widget-wrap elementor-element-populated\">\n\t\t\t\t\t\t<div class=\"elementor-element elementor-element-441f583 elementor-widget elementor-widget-ucaddon_post_list\" data-id=\"441f583\" data-element_type=\"widget\" data-widget_type=\"ucaddon_post_list.default\">\n\t\t\t\t<div class=\"elementor-widget-container\">\n\t\t\t\t\t\n<!-- start Post List -->\n\t\t<link id='font-awesome-css' href='https:\/\/fredrikstole.com\/wp-content\/plugins\/unlimited-elements-for-elementor\/assets_libraries\/font-awesome6\/fontawesome-all.min.css' type='text\/css' rel='stylesheet' >\n\t\t<link id='font-awesome-4-shim-css' href='https:\/\/fredrikstole.com\/wp-content\/plugins\/unlimited-elements-for-elementor\/assets_libraries\/font-awesome6\/fontawesome-v4-shims.min.css' type='text\/css' rel='stylesheet' >\n\n<style>\/* widget: Post List *\/\n\n\n\n#uc_post_list_elementor_441f583\n{\n  display:grid;\n}\n\n\n#uc_post_list_elementor_441f583 .uc_post_list_image div\n{\n  background-size:cover;\n  background-position:center;\n}\n\n\n.uc_post_list .uc_post_list_box{\n\tposition: relative;\n\toverflow: hidden;\n\tdisplay: flex;\n}\n\n#uc_post_list_elementor_441f583 .uc_post_list_image\n{\n  flex-grow:0;\n  flex-shrink:0;\n}\n\n#uc_post_list_elementor_441f583 .uc_post_list_image img\n{\n  width:100%;\n  display:block;\n  transition:0.3s;\n  \n}\n\n\n.uc_post_list_title a{\n\tcolor: #333333;\n}\n.uc_post_list_date{\n\tfont-size: 12px;\n}\n\n#uc_post_list_elementor_441f583 .uc_post_list_content\n{\n  display:flex;\n  flex-direction:column;\n  flex:1;\n}\n\n#uc_post_list_elementor_441f583 .uc_more_btn{\n\n  text-align:center;\n  text-decoration:none;\n  transition:0.3s;\n}\n\n#uc_post_list_elementor_441f583 .button-on-side\n{\n  display:flex;\n  align-items:center;\n}\n\n\n.ue-grid-item-category a\n{\n  display:inline-block;\n  font-size:10px;\n  text-transform:uppercase;\n}\n\n#uc_post_list_elementor_441f583 .ue-meta-data\n{\n  \n  display:flex;\n\n  flex-wrap: wrap;\n  line-height:1em;\n}\n\n#uc_post_list_elementor_441f583 .ue-grid-item-meta-data\n{\n      display:inline-flex;\n      align-items:center;\n}\n\n.ue-grid-item-meta-data\n{\n  font-size:12px;\n}\n\n#uc_post_list_elementor_441f583 .ue-grid-item-meta-data-icon\n{\n  line-height:1em;\n}\n\n#uc_post_list_elementor_441f583 .ue-grid-item-meta-data-icon svg\n{\n  width:1em;\n  height:1em;\n}\n\n\n\n#uc_post_list_elementor_441f583 .ue-debug-meta\n{\n  padding:10px;\n  border:1px solid red;\n  position:relative;\n  line-height:1.5em;\n  font-size:11px;\n  width:100%;\n}\n\n.uc-remote-parent .uc_post_list_box{\n\tcursor:pointer;\n}\n\n#uc_post_list_elementor_441f583 .ue-post-link-overlay\n{\n  display:block;\n  position:absolute;\n  top:0;\n  bottom:0;\n  right:0;\n  left:0;\n}\n\n<\/style>\n\n<div class=\"uc_post_list uc-items-wrapper \" id=\"uc_post_list_elementor_441f583\"  >    \t\n  <div class=\"uc_post_list_box\">\n    \n  \t    <div class=\"uc_post_list_image\">\n      <a href=\"https:\/\/fredrikstole.com\/index.php\/2024\/06\/01\/008-flyttet-mine-fond\/\" title=\"008 - Nytt hjem for mine penger!\" target=\"_self\">\n          \n            <img loading=\"lazy\" decoding=\"async\" src=\"https:\/\/fredrikstole.com\/wp-content\/uploads\/2024\/06\/Flondsflytte-768x549.png\"  src=\"https:\/\/fredrikstole.com\/wp-content\/uploads\/2024\/06\/Flondsflytte-768x549.png\" alt=\"Flondsflytte\" width=\"768\" height=\"549\">\n        \t\n        \n      <\/a>\n    <\/div>\n  \t\t\n  \n    <div class=\"uc_post_list_content\">\n      <div class=\"uc_post_list_content_inside\">\n        \n                        \n         <div class=\"uc_post_list_title\"><a target=\"_self\" href=\"https:\/\/fredrikstole.com\/index.php\/2024\/06\/01\/008-flyttet-mine-fond\/\" title=\"008 - Nytt hjem for mine penger!\">008 - Nytt hjem for mine penger!<\/a><\/div>\t\n         \n        <div class=\"ue-meta-data\">\n                                               \n            \n          \n                        \n            \n                        \n                        \n            \n              \n          <\/div>         \n                \n         <div class=\"uc_post_content\">Da var det endelig p\u00e5 tide \u00e5 flytte pengene mine over til Kron! Men samtidig gjorde jeg noen andre justeringer i tillegg...<\/div>        \n                 \n      <\/div>\n    <\/div>\n     \n       \n  \n   <\/div>\n<div class=\"uc_post_list_box\">\n    \n  \t    <div class=\"uc_post_list_image\">\n      <a href=\"https:\/\/fredrikstole.com\/index.php\/2024\/04\/30\/007-ips-doble-pensjonspengene-dine\/\" title=\"007 - IPS, doble pensjonspengene dine!\" target=\"_self\">\n          \n            <img loading=\"lazy\" decoding=\"async\" src=\"https:\/\/fredrikstole.com\/wp-content\/uploads\/2024\/04\/pexels-photo-3823487-768x512.jpeg\"  src=\"https:\/\/fredrikstole.com\/wp-content\/uploads\/2024\/04\/pexels-photo-3823487-768x512.jpeg\" alt=\"happy senior businessman holding money in hand while working on laptop at table\" width=\"768\" height=\"512\">\n        \t\n        \n      <\/a>\n    <\/div>\n  \t\t\n  \n    <div class=\"uc_post_list_content\">\n      <div class=\"uc_post_list_content_inside\">\n        \n                        \n         <div class=\"uc_post_list_title\"><a target=\"_self\" href=\"https:\/\/fredrikstole.com\/index.php\/2024\/04\/30\/007-ips-doble-pensjonspengene-dine\/\" title=\"007 - IPS, doble pensjonspengene dine!\">007 - IPS, doble pensjonspengene dine!<\/a><\/div>\t\n         \n        <div class=\"ue-meta-data\">\n                                               \n            \n          \n                        \n            \n                        \n                        \n            \n              \n          <\/div>         \n                \n         <div class=\"uc_post_content\">IPS er en investeringskonto rettet mot pensjon, er dette fordelsaktig eller bare noe tull? Is\u00e5fall hvor gunstig kan det v\u00e6re? Og hvem er det for?<\/div>        \n                 \n      <\/div>\n    <\/div>\n     \n       \n  \n   <\/div>\n<div class=\"uc_post_list_box\">\n    \n  \t    <div class=\"uc_post_list_image\">\n      <a href=\"https:\/\/fredrikstole.com\/index.php\/2024\/03\/04\/006-budsjett-kontostruktur-2024\/\" title=\"006 - Budsjett &amp; kontostruktur 2024\" target=\"_self\">\n          \n            <img loading=\"lazy\" decoding=\"async\" src=\"https:\/\/fredrikstole.com\/wp-content\/uploads\/2024\/03\/Kontoflyt2024-1-768x525.png\"  src=\"https:\/\/fredrikstole.com\/wp-content\/uploads\/2024\/03\/Kontoflyt2024-1-768x525.png\" alt=\"Kontoflyt2024\" width=\"768\" height=\"525\">\n        \t\n        \n      <\/a>\n    <\/div>\n  \t\t\n  \n    <div class=\"uc_post_list_content\">\n      <div class=\"uc_post_list_content_inside\">\n        \n                        \n         <div class=\"uc_post_list_title\"><a target=\"_self\" href=\"https:\/\/fredrikstole.com\/index.php\/2024\/03\/04\/006-budsjett-kontostruktur-2024\/\" title=\"006 - Budsjett &amp; kontostruktur 2024\">006 - Budsjett & kontostruktur 2024<\/a><\/div>\t\n         \n        <div class=\"ue-meta-data\">\n                                               \n            \n          \n                        \n            \n                        \n                        \n            \n              \n          <\/div>         \n                \n         <div class=\"uc_post_content\">Sjekk ut budjsettene & kontostrukturen min i 2024! Les om hensikten for de ulike kontoene og prinsippene bak hvorfor jeg har satt det opp slik!<\/div>        \n                 \n      <\/div>\n    <\/div>\n     \n       \n  \n   <\/div>\n<div class=\"uc_post_list_box\">\n    \n  \t    <div class=\"uc_post_list_image\">\n      <a href=\"https:\/\/fredrikstole.com\/index.php\/2024\/01\/23\/005-forbruk-2023\/\" title=\"005 - Forbruk 2023\" target=\"_self\">\n          \n            <img loading=\"lazy\" decoding=\"async\" src=\"https:\/\/fredrikstole.com\/wp-content\/uploads\/2024\/01\/money-card-business-credit-card-50987-768x512.jpeg\"  src=\"https:\/\/fredrikstole.com\/wp-content\/uploads\/2024\/01\/money-card-business-credit-card-50987-768x512.jpeg\" alt=\"person holding debit card\" width=\"768\" height=\"512\">\n        \t\n        \n      <\/a>\n    <\/div>\n  \t\t\n  \n    <div class=\"uc_post_list_content\">\n      <div class=\"uc_post_list_content_inside\">\n        \n                        \n         <div class=\"uc_post_list_title\"><a target=\"_self\" href=\"https:\/\/fredrikstole.com\/index.php\/2024\/01\/23\/005-forbruk-2023\/\" title=\"005 - Forbruk 2023\">005 - Forbruk 2023<\/a><\/div>\t\n         \n        <div class=\"ue-meta-data\">\n                                               \n            \n          \n                        \n            \n                        \n                        \n            \n              \n          <\/div>         \n                \n         <div class=\"uc_post_content\">Allokering av pengene mine i 2023, hva brukte jeg alt p\u00e5? Hvor gikk de hen? Hva var anderledes i \u00e5r i forhold til 2022?<\/div>        \n                 \n      <\/div>\n    <\/div>\n     \n       \n  \n   <\/div>\n<div class=\"uc_post_list_box\">\n    \n  \t    <div class=\"uc_post_list_image\">\n      <a href=\"https:\/\/fredrikstole.com\/index.php\/2023\/12\/08\/004-utleiebolig-kjopt\/\" title=\"004 - Utleiebolig kj\u00f8pt!\" target=\"_self\">\n          \n            <img loading=\"lazy\" decoding=\"async\" src=\"https:\/\/fredrikstole.com\/wp-content\/uploads\/2023\/12\/sale-3701777_1280-768x406.jpg\"  src=\"https:\/\/fredrikstole.com\/wp-content\/uploads\/2023\/12\/sale-3701777_1280-768x406.jpg\" alt=\"sale-3701777_1280\" width=\"768\" height=\"406\">\n        \t\n        \n      <\/a>\n    <\/div>\n  \t\t\n  \n    <div class=\"uc_post_list_content\">\n      <div class=\"uc_post_list_content_inside\">\n        \n                        \n         <div class=\"uc_post_list_title\"><a target=\"_self\" href=\"https:\/\/fredrikstole.com\/index.php\/2023\/12\/08\/004-utleiebolig-kjopt\/\" title=\"004 - Utleiebolig kj\u00f8pt!\">004 - Utleiebolig kj\u00f8pt!<\/a><\/div>\t\n         \n        <div class=\"ue-meta-data\">\n                                               \n            \n          \n                        \n            \n                        \n                        \n            \n              \n          <\/div>         \n                \n         <div class=\"uc_post_content\">ENDELIG gikk kj\u00f8pet i gjennom, kommunikasjon og forhandlinger startet i begynnelsen av september og varte til midt i november hvor vi ble enige om pris og overtakelse f\u00f8rste desember!\nJeg har fulgt med...<\/div>        \n                 \n      <\/div>\n    <\/div>\n     \n       \n  \n   <\/div>\n<div class=\"uc_post_list_box\">\n    \n  \t    <div class=\"uc_post_list_image\">\n      <a href=\"https:\/\/fredrikstole.com\/index.php\/2023\/09\/01\/003-formue-og-inntekt-for-ulike-aldre-2023\/\" title=\"003 - Formue og inntekt for ulike aldre - 2023\" target=\"_self\">\n          \n            <img loading=\"lazy\" decoding=\"async\" src=\"https:\/\/fredrikstole.com\/wp-content\/uploads\/2023\/09\/analysis-1841158_1280-768x512.jpg\"  src=\"https:\/\/fredrikstole.com\/wp-content\/uploads\/2023\/09\/analysis-1841158_1280-768x512.jpg\" alt=\"analysis-1841158_1280\" width=\"768\" height=\"512\">\n        \t\n        \n      <\/a>\n    <\/div>\n  \t\t\n  \n    <div class=\"uc_post_list_content\">\n      <div class=\"uc_post_list_content_inside\">\n        \n                        \n         <div class=\"uc_post_list_title\"><a target=\"_self\" href=\"https:\/\/fredrikstole.com\/index.php\/2023\/09\/01\/003-formue-og-inntekt-for-ulike-aldre-2023\/\" title=\"003 - Formue og inntekt for ulike aldre - 2023\">003 - Formue og inntekt for ulike aldre - 2023<\/a><\/div>\t\n         \n        <div class=\"ue-meta-data\">\n                                               \n            \n          \n                        \n            \n                        \n                        \n            \n              \n          <\/div>         \n                \n         <div class=\"uc_post_content\">Vi alle er vell nyskjerrig p\u00e5 hvordan vi ligger ann i forhold til andre, selv om jeg vil understreke at \u00e5 tjene mer, eie mer og gj\u00f8re mer betyr ikke at man har et bedre liv enn andre.\nDette innlegget er...<\/div>        \n                 \n      <\/div>\n    <\/div>\n     \n       \n  \n   <\/div>\n<div class=\"uc_post_list_box\">\n    \n  \t    <div class=\"uc_post_list_image\">\n      <a href=\"https:\/\/fredrikstole.com\/index.php\/2023\/08\/04\/002-mine-verdipapirer-2023\/\" title=\"002 - Mine verdipapirer 2023\" target=\"_self\">\n          \n            <img loading=\"lazy\" decoding=\"async\" src=\"https:\/\/fredrikstole.com\/wp-content\/uploads\/2023\/08\/VerdipapirALt-768x429.jpg\"  src=\"https:\/\/fredrikstole.com\/wp-content\/uploads\/2023\/08\/VerdipapirALt-768x429.jpg\" alt=\"VerdipapirALt\" width=\"768\" height=\"429\">\n        \t\n        \n      <\/a>\n    <\/div>\n  \t\t\n  \n    <div class=\"uc_post_list_content\">\n      <div class=\"uc_post_list_content_inside\">\n        \n                        \n         <div class=\"uc_post_list_title\"><a target=\"_self\" href=\"https:\/\/fredrikstole.com\/index.php\/2023\/08\/04\/002-mine-verdipapirer-2023\/\" title=\"002 - Mine verdipapirer 2023\">002 - Mine verdipapirer 2023<\/a><\/div>\t\n         \n        <div class=\"ue-meta-data\">\n                                               \n            \n          \n                        \n            \n                        \n                        \n            \n              \n          <\/div>         \n                \n         <div class=\"uc_post_content\">Etter ca 4-5\u00e5r med investeringer i aksjemarkedet har dette akkumulert seg til ca 1,8 millioner kroner fordelt p\u00e5 ulike kontoer, i ulike fond for ulike grunner. I blogginnlegget snakker jeg om alle mine...<\/div>        \n                 \n      <\/div>\n    <\/div>\n     \n       \n  \n   <\/div>\n<div class=\"uc_post_list_box\">\n    \n  \t    <div class=\"uc_post_list_image\">\n      <a href=\"https:\/\/fredrikstole.com\/index.php\/2023\/07\/28\/001-risikovillighet\/\" title=\"001 - Min risikovillighet\" target=\"_self\">\n          \n            <img loading=\"lazy\" decoding=\"async\" src=\"https:\/\/fredrikstole.com\/wp-content\/uploads\/2023\/07\/GrafVekstFall2.png-768x477.png\"  src=\"https:\/\/fredrikstole.com\/wp-content\/uploads\/2023\/07\/GrafVekstFall2.png-768x477.png\" alt=\"GrafVekstFall2\" width=\"768\" height=\"477\">\n        \t\n        \n      <\/a>\n    <\/div>\n  \t\t\n  \n    <div class=\"uc_post_list_content\">\n      <div class=\"uc_post_list_content_inside\">\n        \n                        \n         <div class=\"uc_post_list_title\"><a target=\"_self\" href=\"https:\/\/fredrikstole.com\/index.php\/2023\/07\/28\/001-risikovillighet\/\" title=\"001 - Min risikovillighet\">001 - Min risikovillighet<\/a><\/div>\t\n         \n        <div class=\"ue-meta-data\">\n                                               \n            \n          \n                        \n            \n                        \n                        \n            \n              \n          <\/div>         \n                \n         <div class=\"uc_post_content\">Innlegget handler om hvor mye gjeld jeg f\u00f8ler jeg kan og burde ha og hvordan dette har endret seg i nylig tid.\nInkluderer formler slik at du kan regne ut det samme!<\/div>        \n                 \n      <\/div>\n    <\/div>\n     \n       \n  \n   <\/div>\n\n<\/div>\n\n\n  <div id=\"uc_post_list_elementor_441f583_empty_message\" class=\"ue-no-posts-found\"  style=\"display:none\" >No posts found<\/div>\n\n\n<!-- end Post List -->\t\t\t\t<\/div>\n\t\t\t\t<\/div>\n\t\t\t\t\t<\/div>\n\t\t<\/div>\n\t\t\t\t\t<\/div>\n\t\t<\/section>\n\t\t\t\t<\/div>\n\t\t","protected":false},"excerpt":{"rendered":"<p>Blog 002 &#8211; Mine verdipapirer 2023 Hvor mye penger investert har alltid v\u00e6rt \u00e5pent, men hva de pengene var investert i? Det har ikke v\u00e6rt offentlig, f\u00f8r n\u00e5. F\u00f8rst \u00f8nsker jeg \u00e5 skrive om hvorfor jeg ikke har delt dette tidligere:1. Om jeg&#8230; 001 &#8211; Min risikovillighet 001 &#8211; Min risikovillighet I podcastepisode 24 Fredrik &hellip;<\/p>\n<p class=\"read-more\"> <a class=\"\" href=\"https:\/\/fredrikstole.com\/index.php\/innhold\/blog-2\/\"> <span class=\"screen-reader-text\">Blog<\/span> Read More &raquo;<\/a><\/p>\n","protected":false},"author":1,"featured_media":0,"parent":1721,"menu_order":0,"comment_status":"closed","ping_status":"closed","template":"","meta":{"_uag_custom_page_level_css":"","site-sidebar-layout":"no-sidebar","site-content-layout":"page-builder","ast-site-content-layout":"","site-content-style":"default","site-sidebar-style":"default","ast-global-header-display":"","ast-banner-title-visibility":"","ast-main-header-display":"","ast-hfb-above-header-display":"","ast-hfb-below-header-display":"","ast-hfb-mobile-header-display":"","site-post-title":"disabled","ast-breadcrumbs-content":"","ast-featured-img":"disabled","footer-sml-layout":"","theme-transparent-header-meta":"enabled","adv-header-id-meta":"","stick-header-meta":"","header-above-stick-meta":"","header-main-stick-meta":"","header-below-stick-meta":"","astra-migrate-meta-layouts":"default","ast-page-background-enabled":"default","ast-page-background-meta":{"desktop":{"background-color":"var(--ast-global-color-4)","background-image":"","background-repeat":"repeat","background-position":"center center","background-size":"auto","background-attachment":"scroll","background-type":"","background-media":"","overlay-type":"","overlay-color":"","overlay-gradient":""},"tablet":{"background-color":"","background-image":"","background-repeat":"repeat","background-position":"center center","background-size":"auto","background-attachment":"scroll","background-type":"","background-media":"","overlay-type":"","overlay-color":"","overlay-gradient":""},"mobile":{"background-color":"","background-image":"","background-repeat":"repeat","background-position":"center center","background-size":"auto","background-attachment":"scroll","background-type":"","background-media":"","overlay-type":"","overlay-color":"","overlay-gradient":""}},"ast-content-background-meta":{"desktop":{"background-color":"var(--ast-global-color-5)","background-image":"","background-repeat":"repeat","background-position":"center center","background-size":"auto","background-attachment":"scroll","background-type":"","background-media":"","overlay-type":"","overlay-color":"","overlay-gradient":""},"tablet":{"background-color":"var(--ast-global-color-5)","background-image":"","background-repeat":"repeat","background-position":"center center","background-size":"auto","background-attachment":"scroll","background-type":"","background-media":"","overlay-type":"","overlay-color":"","overlay-gradient":""},"mobile":{"background-color":"var(--ast-global-color-5)","background-image":"","background-repeat":"repeat","background-position":"center center","background-size":"auto","background-attachment":"scroll","background-type":"","background-media":"","overlay-type":"","overlay-color":"","overlay-gradient":""}},"footnotes":""},"jetpack_sharing_enabled":true,"uagb_featured_image_src":{"full":false,"thumbnail":false,"medium":false,"medium_large":false,"large":false,"1536x1536":false,"2048x2048":false,"woocommerce_thumbnail":false,"woocommerce_single":false,"woocommerce_gallery_thumbnail":false},"uagb_author_info":{"display_name":"fredrikstole.com","author_link":"https:\/\/fredrikstole.com\/index.php\/author\/fredrikstole-com\/"},"uagb_comment_info":0,"uagb_excerpt":"Blog 002 &#8211; Mine verdipapirer 2023 Hvor mye penger investert har alltid v\u00e6rt \u00e5pent, men hva de pengene var investert i? Det har ikke v\u00e6rt offentlig, f\u00f8r n\u00e5. F\u00f8rst \u00f8nsker jeg \u00e5 skrive om hvorfor jeg ikke har delt dette tidligere:1. Om jeg&#8230; 001 &#8211; Min risikovillighet 001 &#8211; Min risikovillighet I podcastepisode 24 Fredrik&hellip;","_links":{"self":[{"href":"https:\/\/fredrikstole.com\/index.php\/wp-json\/wp\/v2\/pages\/2300"}],"collection":[{"href":"https:\/\/fredrikstole.com\/index.php\/wp-json\/wp\/v2\/pages"}],"about":[{"href":"https:\/\/fredrikstole.com\/index.php\/wp-json\/wp\/v2\/types\/page"}],"author":[{"embeddable":true,"href":"https:\/\/fredrikstole.com\/index.php\/wp-json\/wp\/v2\/users\/1"}],"replies":[{"embeddable":true,"href":"https:\/\/fredrikstole.com\/index.php\/wp-json\/wp\/v2\/comments?post=2300"}],"version-history":[{"count":8,"href":"https:\/\/fredrikstole.com\/index.php\/wp-json\/wp\/v2\/pages\/2300\/revisions"}],"predecessor-version":[{"id":2329,"href":"https:\/\/fredrikstole.com\/index.php\/wp-json\/wp\/v2\/pages\/2300\/revisions\/2329"}],"up":[{"embeddable":true,"href":"https:\/\/fredrikstole.com\/index.php\/wp-json\/wp\/v2\/pages\/1721"}],"wp:attachment":[{"href":"https:\/\/fredrikstole.com\/index.php\/wp-json\/wp\/v2\/media?parent=2300"}],"curies":[{"name":"wp","href":"https:\/\/api.w.org\/{rel}","templated":true}]}}