{"id":1721,"date":"2023-07-28T23:37:12","date_gmt":"2023-07-28T21:37:12","guid":{"rendered":"https:\/\/fredrikstole.com\/?page_id=1721"},"modified":"2024-08-09T16:54:32","modified_gmt":"2024-08-09T14:54:32","slug":"innhold","status":"publish","type":"page","link":"https:\/\/fredrikstole.com\/index.php\/innhold\/","title":{"rendered":"Innhold"},"content":{"rendered":"\t\t<div data-elementor-type=\"wp-page\" data-elementor-id=\"1721\" class=\"elementor elementor-1721\">\n\t\t\t\t\t\t<section class=\"elementor-section elementor-top-section elementor-element elementor-element-5118475 elementor-section-height-min-height elementor-section-boxed elementor-section-height-default elementor-section-items-middle\" data-id=\"5118475\" data-element_type=\"section\" data-settings=\"{&quot;background_background&quot;:&quot;classic&quot;}\">\n\t\t\t\t\t\t\t<div class=\"elementor-background-overlay\"><\/div>\n\t\t\t\t\t\t\t<div class=\"elementor-container elementor-column-gap-default\">\n\t\t\t\t\t<div class=\"elementor-column elementor-col-100 elementor-top-column elementor-element elementor-element-8f73b46\" data-id=\"8f73b46\" data-element_type=\"column\">\n\t\t\t<div class=\"elementor-widget-wrap elementor-element-populated\">\n\t\t\t\t\t\t<div class=\"elementor-element elementor-element-11f8798 elementor-widget elementor-widget-heading\" data-id=\"11f8798\" data-element_type=\"widget\" data-widget_type=\"heading.default\">\n\t\t\t\t<div class=\"elementor-widget-container\">\n\t\t\t\t\t<h1 class=\"elementor-heading-title elementor-size-default\">Innhold<\/h1>\t\t\t\t<\/div>\n\t\t\t\t<\/div>\n\t\t\t\t\t<\/div>\n\t\t<\/div>\n\t\t\t\t\t<\/div>\n\t\t<\/section>\n\t\t\t\t<section class=\"elementor-section elementor-top-section elementor-element elementor-element-41c7ef0 elementor-section-boxed elementor-section-height-default elementor-section-height-default\" data-id=\"41c7ef0\" data-element_type=\"section\">\n\t\t\t\t\t\t<div class=\"elementor-container elementor-column-gap-default\">\n\t\t\t\t\t<div class=\"elementor-column elementor-col-33 elementor-top-column elementor-element elementor-element-6561298\" data-id=\"6561298\" data-element_type=\"column\">\n\t\t\t<div class=\"elementor-widget-wrap elementor-element-populated\">\n\t\t\t\t\t\t<div class=\"elementor-element elementor-element-88cf4f8 elementor-widget__width-initial elementor-widget elementor-widget-image\" data-id=\"88cf4f8\" data-element_type=\"widget\" data-widget_type=\"image.default\">\n\t\t\t\t<div class=\"elementor-widget-container\">\n\t\t\t\t\t\t\t\t\t\t\t\t\t\t\t\t<a href=\"https:\/\/www.instagram.com\/fredrik.stole\/\">\n\t\t\t\t\t\t\t<img fetchpriority=\"high\" decoding=\"async\" width=\"512\" height=\"512\" src=\"https:\/\/fredrikstole.com\/wp-content\/uploads\/2023\/06\/cropped-FF_Logo_Transparent.png\" class=\"attachment-full size-full wp-image-1359\" alt=\"\" srcset=\"https:\/\/fredrikstole.com\/wp-content\/uploads\/2023\/06\/cropped-FF_Logo_Transparent.png 512w, https:\/\/fredrikstole.com\/wp-content\/uploads\/2023\/06\/cropped-FF_Logo_Transparent-300x300.png 300w, https:\/\/fredrikstole.com\/wp-content\/uploads\/2023\/06\/cropped-FF_Logo_Transparent-150x150.png 150w, https:\/\/fredrikstole.com\/wp-content\/uploads\/2023\/06\/cropped-FF_Logo_Transparent-270x270.png 270w, https:\/\/fredrikstole.com\/wp-content\/uploads\/2023\/06\/cropped-FF_Logo_Transparent-192x192.png 192w, https:\/\/fredrikstole.com\/wp-content\/uploads\/2023\/06\/cropped-FF_Logo_Transparent-180x180.png 180w, https:\/\/fredrikstole.com\/wp-content\/uploads\/2023\/06\/cropped-FF_Logo_Transparent-32x32.png 32w\" sizes=\"(max-width: 512px) 100vw, 512px\" \/>\t\t\t\t\t\t\t\t<\/a>\n\t\t\t\t\t\t\t\t\t\t\t\t\t\t\t<\/div>\n\t\t\t\t<\/div>\n\t\t\t\t<div class=\"elementor-element elementor-element-9576e54 elementor-widget elementor-widget-image-box\" data-id=\"9576e54\" data-element_type=\"widget\" data-widget_type=\"image-box.default\">\n\t\t\t\t<div class=\"elementor-widget-container\">\n\t\t\t\t\t<div class=\"elementor-image-box-wrapper\"><div class=\"elementor-image-box-content\"><h3 class=\"elementor-image-box-title\"><a href=\"https:\/\/www.instagram.com\/fredrik.stole\/\">Instagram<\/a><\/h3><p class=\"elementor-image-box-description\">F\u00f8lg meg p\u00e5 instagram hvor jeg poster korte oppsummeringer av hva jeg lager, deler innblikk fra hverdagen og hverdagsrefleksjoner.<br>Send meg gjerne en DM ogs\u00e5!<\/p><\/div><\/div>\t\t\t\t<\/div>\n\t\t\t\t<\/div>\n\t\t\t\t\t<\/div>\n\t\t<\/div>\n\t\t\t\t<div class=\"elementor-column elementor-col-33 elementor-top-column elementor-element elementor-element-637fd20\" data-id=\"637fd20\" data-element_type=\"column\">\n\t\t\t<div class=\"elementor-widget-wrap elementor-element-populated\">\n\t\t\t\t\t\t<div class=\"elementor-element elementor-element-f9c9819 elementor-widget elementor-widget-image\" data-id=\"f9c9819\" data-element_type=\"widget\" data-widget_type=\"image.default\">\n\t\t\t\t<div class=\"elementor-widget-container\">\n\t\t\t\t\t\t\t\t\t\t\t\t\t\t\t\t<a href=\"https:\/\/fredrikstole.com\/index.php\/innhold\/okonomiske-grep\/\">\n\t\t\t\t\t\t\t<img decoding=\"async\" width=\"1880\" height=\"1253\" src=\"https:\/\/fredrikstole.com\/wp-content\/uploads\/2024\/01\/pexels-photo-17781647.jpeg\" class=\"attachment-full size-full wp-image-3044\" alt=\"man looking at the stock charts on the phone and tablet\" srcset=\"https:\/\/fredrikstole.com\/wp-content\/uploads\/2024\/01\/pexels-photo-17781647.jpeg 1880w, https:\/\/fredrikstole.com\/wp-content\/uploads\/2024\/01\/pexels-photo-17781647-300x200.jpeg 300w, https:\/\/fredrikstole.com\/wp-content\/uploads\/2024\/01\/pexels-photo-17781647-1024x682.jpeg 1024w, https:\/\/fredrikstole.com\/wp-content\/uploads\/2024\/01\/pexels-photo-17781647-768x512.jpeg 768w, https:\/\/fredrikstole.com\/wp-content\/uploads\/2024\/01\/pexels-photo-17781647-1536x1024.jpeg 1536w, https:\/\/fredrikstole.com\/wp-content\/uploads\/2024\/01\/pexels-photo-17781647-600x400.jpeg 600w\" sizes=\"(max-width: 1880px) 100vw, 1880px\" \/>\t\t\t\t\t\t\t\t<\/a>\n\t\t\t\t\t\t\t\t\t\t\t\t\t\t\t<\/div>\n\t\t\t\t<\/div>\n\t\t\t\t<div class=\"elementor-element elementor-element-5fe2456 elementor-widget elementor-widget-image-box\" data-id=\"5fe2456\" data-element_type=\"widget\" data-widget_type=\"image-box.default\">\n\t\t\t\t<div class=\"elementor-widget-container\">\n\t\t\t\t\t<div class=\"elementor-image-box-wrapper\"><div class=\"elementor-image-box-content\"><h3 class=\"elementor-image-box-title\"><a href=\"https:\/\/fredrikstole.com\/index.php\/innhold\/okonomiske-grep\/\">\u00d8konomi guide<\/a><\/h3><p class=\"elementor-image-box-description\">Lyst \u00e5 ta tak i din \u00f8konomi? Her kan du finne innspill, tips og guide'er!<\/p><\/div><\/div>\t\t\t\t<\/div>\n\t\t\t\t<\/div>\n\t\t\t\t\t<\/div>\n\t\t<\/div>\n\t\t\t\t<div class=\"elementor-column elementor-col-33 elementor-top-column elementor-element elementor-element-685ad88\" data-id=\"685ad88\" data-element_type=\"column\">\n\t\t\t<div class=\"elementor-widget-wrap elementor-element-populated\">\n\t\t\t\t\t\t<div class=\"elementor-element elementor-element-129a238 elementor-widget elementor-widget-image\" data-id=\"129a238\" data-element_type=\"widget\" data-widget_type=\"image.default\">\n\t\t\t\t<div class=\"elementor-widget-container\">\n\t\t\t\t\t\t\t\t\t\t\t\t\t\t\t\t<a href=\"https:\/\/fredrikstole.com\/index.php\/ekstern-media\/\">\n\t\t\t\t\t\t\t<img decoding=\"async\" width=\"1280\" height=\"599\" src=\"https:\/\/fredrikstole.com\/wp-content\/uploads\/2023\/07\/news-g113ecaeab_1280.jpg\" class=\"attachment-full size-full wp-image-1747\" alt=\"\" srcset=\"https:\/\/fredrikstole.com\/wp-content\/uploads\/2023\/07\/news-g113ecaeab_1280.jpg 1280w, https:\/\/fredrikstole.com\/wp-content\/uploads\/2023\/07\/news-g113ecaeab_1280-300x140.jpg 300w, https:\/\/fredrikstole.com\/wp-content\/uploads\/2023\/07\/news-g113ecaeab_1280-1024x479.jpg 1024w, https:\/\/fredrikstole.com\/wp-content\/uploads\/2023\/07\/news-g113ecaeab_1280-768x359.jpg 768w\" sizes=\"(max-width: 1280px) 100vw, 1280px\" \/>\t\t\t\t\t\t\t\t<\/a>\n\t\t\t\t\t\t\t\t\t\t\t\t\t\t\t<\/div>\n\t\t\t\t<\/div>\n\t\t\t\t<div class=\"elementor-element elementor-element-464fde2 elementor-widget elementor-widget-image-box\" data-id=\"464fde2\" data-element_type=\"widget\" data-widget_type=\"image-box.default\">\n\t\t\t\t<div class=\"elementor-widget-container\">\n\t\t\t\t\t<div class=\"elementor-image-box-wrapper\"><div class=\"elementor-image-box-content\"><h3 class=\"elementor-image-box-title\"><a href=\"https:\/\/fredrikstole.com\/index.php\/ekstern-media\/\">Ekstern media<\/a><\/h3><p class=\"elementor-image-box-description\">Jeg har deltatt p\u00e5 andres plattformer og i tradisjonell media, \nlyst til \u00e5 se hvor? Sjekk ut denne siden!<\/p><\/div><\/div>\t\t\t\t<\/div>\n\t\t\t\t<\/div>\n\t\t\t\t\t<\/div>\n\t\t<\/div>\n\t\t\t\t\t<\/div>\n\t\t<\/section>\n\t\t\t\t<section class=\"elementor-section elementor-top-section elementor-element elementor-element-1faafa7 elementor-section-boxed elementor-section-height-default elementor-section-height-default\" data-id=\"1faafa7\" data-element_type=\"section\" data-settings=\"{&quot;background_background&quot;:&quot;classic&quot;}\">\n\t\t\t\t\t\t\t<div class=\"elementor-background-overlay\"><\/div>\n\t\t\t\t\t\t\t<div class=\"elementor-container elementor-column-gap-default\">\n\t\t\t\t\t<div class=\"elementor-column elementor-col-33 elementor-top-column elementor-element elementor-element-564a4ad\" data-id=\"564a4ad\" data-element_type=\"column\">\n\t\t\t<div class=\"elementor-widget-wrap elementor-element-populated\">\n\t\t\t\t\t\t<div class=\"elementor-element elementor-element-bff2ac9 elementor-widget elementor-widget-image\" data-id=\"bff2ac9\" data-element_type=\"widget\" data-widget_type=\"image.default\">\n\t\t\t\t<div class=\"elementor-widget-container\">\n\t\t\t\t\t\t\t\t\t\t\t\t\t\t\t\t<a href=\"https:\/\/fredrikstole.com\/index.php\/blog-2\/\">\n\t\t\t\t\t\t\t<img loading=\"lazy\" decoding=\"async\" width=\"1880\" height=\"1060\" src=\"https:\/\/fredrikstole.com\/wp-content\/uploads\/2024\/03\/pexels-photo-618158.jpeg\" class=\"attachment-full size-full wp-image-3168\" alt=\"person signing document paper\" srcset=\"https:\/\/fredrikstole.com\/wp-content\/uploads\/2024\/03\/pexels-photo-618158.jpeg 1880w, https:\/\/fredrikstole.com\/wp-content\/uploads\/2024\/03\/pexels-photo-618158-300x169.jpeg 300w, https:\/\/fredrikstole.com\/wp-content\/uploads\/2024\/03\/pexels-photo-618158-1024x577.jpeg 1024w, https:\/\/fredrikstole.com\/wp-content\/uploads\/2024\/03\/pexels-photo-618158-768x433.jpeg 768w, https:\/\/fredrikstole.com\/wp-content\/uploads\/2024\/03\/pexels-photo-618158-1536x866.jpeg 1536w\" sizes=\"(max-width: 1880px) 100vw, 1880px\" \/>\t\t\t\t\t\t\t\t<\/a>\n\t\t\t\t\t\t\t\t\t\t\t\t\t\t\t<\/div>\n\t\t\t\t<\/div>\n\t\t\t\t<div class=\"elementor-element elementor-element-54a2f8d elementor-widget elementor-widget-image-box\" data-id=\"54a2f8d\" data-element_type=\"widget\" data-widget_type=\"image-box.default\">\n\t\t\t\t<div class=\"elementor-widget-container\">\n\t\t\t\t\t<div class=\"elementor-image-box-wrapper\"><div class=\"elementor-image-box-content\"><h3 class=\"elementor-image-box-title\"><a href=\"https:\/\/fredrikstole.com\/index.php\/blog-2\/\">Blogg<\/a><\/h3><p class=\"elementor-image-box-description\">Se en liste over alle mine blogginnlegg!<\/p><\/div><\/div>\t\t\t\t<\/div>\n\t\t\t\t<\/div>\n\t\t\t\t\t<\/div>\n\t\t<\/div>\n\t\t\t\t<div class=\"elementor-column elementor-col-33 elementor-top-column elementor-element elementor-element-af0a5a6\" data-id=\"af0a5a6\" data-element_type=\"column\">\n\t\t\t<div class=\"elementor-widget-wrap elementor-element-populated\">\n\t\t\t\t\t\t<div class=\"elementor-element elementor-element-a1354a6 elementor-widget elementor-widget-image\" data-id=\"a1354a6\" data-element_type=\"widget\" data-widget_type=\"image.default\">\n\t\t\t\t<div class=\"elementor-widget-container\">\n\t\t\t\t\t\t\t\t\t\t\t\t\t\t\t\t<a href=\"https:\/\/fredrikstole.com\/index.php\/podcast\/\">\n\t\t\t\t\t\t\t<img loading=\"lazy\" decoding=\"async\" width=\"1280\" height=\"853\" src=\"https:\/\/fredrikstole.com\/wp-content\/uploads\/2023\/07\/podcast-gc8a39ae92_1280.jpg\" class=\"attachment-full size-full wp-image-1681\" alt=\"\" srcset=\"https:\/\/fredrikstole.com\/wp-content\/uploads\/2023\/07\/podcast-gc8a39ae92_1280.jpg 1280w, https:\/\/fredrikstole.com\/wp-content\/uploads\/2023\/07\/podcast-gc8a39ae92_1280-300x200.jpg 300w, https:\/\/fredrikstole.com\/wp-content\/uploads\/2023\/07\/podcast-gc8a39ae92_1280-1024x682.jpg 1024w, https:\/\/fredrikstole.com\/wp-content\/uploads\/2023\/07\/podcast-gc8a39ae92_1280-768x512.jpg 768w\" sizes=\"(max-width: 1280px) 100vw, 1280px\" \/>\t\t\t\t\t\t\t\t<\/a>\n\t\t\t\t\t\t\t\t\t\t\t\t\t\t\t<\/div>\n\t\t\t\t<\/div>\n\t\t\t\t<div class=\"elementor-element elementor-element-f07647b elementor-widget elementor-widget-image-box\" data-id=\"f07647b\" data-element_type=\"widget\" data-widget_type=\"image-box.default\">\n\t\t\t\t<div class=\"elementor-widget-container\">\n\t\t\t\t\t<div class=\"elementor-image-box-wrapper\"><div class=\"elementor-image-box-content\"><h3 class=\"elementor-image-box-title\"><a href=\"https:\/\/fredrikstole.com\/index.php\/podcast\/\">Podcast<\/a><\/h3><p class=\"elementor-image-box-description\">Se en liste over alle mine podcastepisoder!<\/p><\/div><\/div>\t\t\t\t<\/div>\n\t\t\t\t<\/div>\n\t\t\t\t\t<\/div>\n\t\t<\/div>\n\t\t\t\t<div class=\"elementor-column elementor-col-33 elementor-top-column elementor-element elementor-element-b2eb277\" data-id=\"b2eb277\" data-element_type=\"column\">\n\t\t\t<div class=\"elementor-widget-wrap elementor-element-populated\">\n\t\t\t\t\t\t<div class=\"elementor-element elementor-element-e67197f elementor-widget elementor-widget-image\" data-id=\"e67197f\" data-element_type=\"widget\" data-widget_type=\"image.default\">\n\t\t\t\t<div class=\"elementor-widget-container\">\n\t\t\t\t\t\t\t\t\t\t\t\t\t\t\t\t<a href=\"https:\/\/fredrikstole.com\/index.php\/video\/\">\n\t\t\t\t\t\t\t<img loading=\"lazy\" decoding=\"async\" width=\"1280\" height=\"837\" src=\"https:\/\/fredrikstole.com\/wp-content\/uploads\/2023\/07\/movie-theater-g2150f6f54_1280.jpg\" class=\"attachment-full size-full wp-image-1717\" alt=\"\" srcset=\"https:\/\/fredrikstole.com\/wp-content\/uploads\/2023\/07\/movie-theater-g2150f6f54_1280.jpg 1280w, https:\/\/fredrikstole.com\/wp-content\/uploads\/2023\/07\/movie-theater-g2150f6f54_1280-300x196.jpg 300w, https:\/\/fredrikstole.com\/wp-content\/uploads\/2023\/07\/movie-theater-g2150f6f54_1280-1024x670.jpg 1024w, https:\/\/fredrikstole.com\/wp-content\/uploads\/2023\/07\/movie-theater-g2150f6f54_1280-768x502.jpg 768w\" sizes=\"(max-width: 1280px) 100vw, 1280px\" \/>\t\t\t\t\t\t\t\t<\/a>\n\t\t\t\t\t\t\t\t\t\t\t\t\t\t\t<\/div>\n\t\t\t\t<\/div>\n\t\t\t\t<div class=\"elementor-element elementor-element-1088888 elementor-widget elementor-widget-image-box\" data-id=\"1088888\" data-element_type=\"widget\" data-widget_type=\"image-box.default\">\n\t\t\t\t<div class=\"elementor-widget-container\">\n\t\t\t\t\t<div class=\"elementor-image-box-wrapper\"><div class=\"elementor-image-box-content\"><h3 class=\"elementor-image-box-title\"><a href=\"https:\/\/fredrikstole.com\/index.php\/video\/\"><span style=\"font-size: 1.25rem;\">Video<\/span><\/a><\/h3><p class=\"elementor-image-box-description\">Liste over mine YouTube-videoer.<\/p><\/div><\/div>\t\t\t\t<\/div>\n\t\t\t\t<\/div>\n\t\t\t\t\t<\/div>\n\t\t<\/div>\n\t\t\t\t\t<\/div>\n\t\t<\/section>\n\t\t\t\t<\/div>\n\t\t","protected":false},"excerpt":{"rendered":"<p>Innhold Instagram F\u00f8lg meg p\u00e5 instagram hvor jeg poster korte oppsummeringer av hva jeg lager, deler innblikk fra hverdagen og hverdagsrefleksjoner.Send meg gjerne en DM ogs\u00e5! \u00d8konomi guide Lyst \u00e5 ta tak i din \u00f8konomi? Her kan du finne innspill, tips og guide&#8217;er! Ekstern media Jeg har deltatt p\u00e5 andres plattformer og i tradisjonell media, &hellip;<\/p>\n<p class=\"read-more\"> <a class=\"\" href=\"https:\/\/fredrikstole.com\/index.php\/innhold\/\"> <span class=\"screen-reader-text\">Innhold<\/span> Read More &raquo;<\/a><\/p>\n","protected":false},"author":1,"featured_media":0,"parent":0,"menu_order":0,"comment_status":"closed","ping_status":"closed","template":"","meta":{"_uag_custom_page_level_css":"","site-sidebar-layout":"no-sidebar","site-content-layout":"page-builder","ast-site-content-layout":"","site-content-style":"default","site-sidebar-style":"default","ast-global-header-display":"","ast-banner-title-visibility":"","ast-main-header-display":"","ast-hfb-above-header-display":"","ast-hfb-below-header-display":"","ast-hfb-mobile-header-display":"","site-post-title":"disabled","ast-breadcrumbs-content":"","ast-featured-img":"disabled","footer-sml-layout":"","theme-transparent-header-meta":"enabled","adv-header-id-meta":"","stick-header-meta":"","header-above-stick-meta":"","header-main-stick-meta":"","header-below-stick-meta":"","astra-migrate-meta-layouts":"default","ast-page-background-enabled":"default","ast-page-background-meta":{"desktop":{"background-color":"var(--ast-global-color-4)","background-image":"","background-repeat":"repeat","background-position":"center center","background-size":"auto","background-attachment":"scroll","background-type":"","background-media":"","overlay-type":"","overlay-color":"","overlay-gradient":""},"tablet":{"background-color":"","background-image":"","background-repeat":"repeat","background-position":"center center","background-size":"auto","background-attachment":"scroll","background-type":"","background-media":"","overlay-type":"","overlay-color":"","overlay-gradient":""},"mobile":{"background-color":"","background-image":"","background-repeat":"repeat","background-position":"center center","background-size":"auto","background-attachment":"scroll","background-type":"","background-media":"","overlay-type":"","overlay-color":"","overlay-gradient":""}},"ast-content-background-meta":{"desktop":{"background-color":"var(--ast-global-color-5)","background-image":"","background-repeat":"repeat","background-position":"center center","background-size":"auto","background-attachment":"scroll","background-type":"","background-media":"","overlay-type":"","overlay-color":"","overlay-gradient":""},"tablet":{"background-color":"var(--ast-global-color-5)","background-image":"","background-repeat":"repeat","background-position":"center center","background-size":"auto","background-attachment":"scroll","background-type":"","background-media":"","overlay-type":"","overlay-color":"","overlay-gradient":""},"mobile":{"background-color":"var(--ast-global-color-5)","background-image":"","background-repeat":"repeat","background-position":"center center","background-size":"auto","background-attachment":"scroll","background-type":"","background-media":"","overlay-type":"","overlay-color":"","overlay-gradient":""}},"footnotes":""},"jetpack_sharing_enabled":true,"uagb_featured_image_src":{"full":false,"thumbnail":false,"medium":false,"medium_large":false,"large":false,"1536x1536":false,"2048x2048":false,"woocommerce_thumbnail":false,"woocommerce_single":false,"woocommerce_gallery_thumbnail":false},"uagb_author_info":{"display_name":"fredrikstole.com","author_link":"https:\/\/fredrikstole.com\/index.php\/author\/fredrikstole-com\/"},"uagb_comment_info":0,"uagb_excerpt":"Innhold Instagram F\u00f8lg meg p\u00e5 instagram hvor jeg poster korte oppsummeringer av hva jeg lager, deler innblikk fra hverdagen og hverdagsrefleksjoner.Send meg gjerne en DM ogs\u00e5! \u00d8konomi guide Lyst \u00e5 ta tak i din \u00f8konomi? Her kan du finne innspill, tips og guide&#8217;er! Ekstern media Jeg har deltatt p\u00e5 andres plattformer og i tradisjonell media,&hellip;","_links":{"self":[{"href":"https:\/\/fredrikstole.com\/index.php\/wp-json\/wp\/v2\/pages\/1721"}],"collection":[{"href":"https:\/\/fredrikstole.com\/index.php\/wp-json\/wp\/v2\/pages"}],"about":[{"href":"https:\/\/fredrikstole.com\/index.php\/wp-json\/wp\/v2\/types\/page"}],"author":[{"embeddable":true,"href":"https:\/\/fredrikstole.com\/index.php\/wp-json\/wp\/v2\/users\/1"}],"replies":[{"embeddable":true,"href":"https:\/\/fredrikstole.com\/index.php\/wp-json\/wp\/v2\/comments?post=1721"}],"version-history":[{"count":47,"href":"https:\/\/fredrikstole.com\/index.php\/wp-json\/wp\/v2\/pages\/1721\/revisions"}],"predecessor-version":[{"id":3579,"href":"https:\/\/fredrikstole.com\/index.php\/wp-json\/wp\/v2\/pages\/1721\/revisions\/3579"}],"wp:attachment":[{"href":"https:\/\/fredrikstole.com\/index.php\/wp-json\/wp\/v2\/media?parent=1721"}],"curies":[{"name":"wp","href":"https:\/\/api.w.org\/{rel}","templated":true}]}}