{"id":1320,"date":"2021-11-21T15:14:41","date_gmt":"2021-11-21T14:14:41","guid":{"rendered":"https:\/\/fredrikstole.com\/index.php\/services\/"},"modified":"2025-03-15T17:10:38","modified_gmt":"2025-03-15T16:10:38","slug":"kontakt","status":"publish","type":"page","link":"https:\/\/fredrikstole.com\/index.php\/kontakt\/","title":{"rendered":"Kontakt"},"content":{"rendered":"\t\t<div data-elementor-type=\"wp-page\" data-elementor-id=\"1320\" class=\"elementor elementor-1320\">\n\t\t\t\t\t\t<section class=\"elementor-section elementor-top-section elementor-element elementor-element-83746e8 elementor-section-height-min-height elementor-section-boxed elementor-section-height-default elementor-section-items-middle\" data-id=\"83746e8\" data-element_type=\"section\" data-settings=\"{&quot;background_background&quot;:&quot;classic&quot;}\">\n\t\t\t\t\t\t\t<div class=\"elementor-background-overlay\"><\/div>\n\t\t\t\t\t\t\t<div class=\"elementor-container elementor-column-gap-default\">\n\t\t\t\t\t<div class=\"elementor-column elementor-col-100 elementor-top-column elementor-element elementor-element-09faee3\" data-id=\"09faee3\" data-element_type=\"column\">\n\t\t\t<div class=\"elementor-widget-wrap elementor-element-populated\">\n\t\t\t\t\t\t<div class=\"elementor-element elementor-element-c7152a9 elementor-widget elementor-widget-heading\" data-id=\"c7152a9\" data-element_type=\"widget\" data-widget_type=\"heading.default\">\n\t\t\t\t<div class=\"elementor-widget-container\">\n\t\t\t\t\t<h1 class=\"elementor-heading-title elementor-size-default\">Kontakt meg<\/h1>\t\t\t\t<\/div>\n\t\t\t\t<\/div>\n\t\t\t\t\t<\/div>\n\t\t<\/div>\n\t\t\t\t\t<\/div>\n\t\t<\/section>\n\t\t\t\t<section class=\"elementor-section elementor-top-section elementor-element elementor-element-a92bf94 elementor-section-boxed elementor-section-height-default elementor-section-height-default\" data-id=\"a92bf94\" data-element_type=\"section\">\n\t\t\t\t\t\t<div class=\"elementor-container elementor-column-gap-default\">\n\t\t\t\t\t<div class=\"elementor-column elementor-col-50 elementor-top-column elementor-element elementor-element-f485586\" data-id=\"f485586\" data-element_type=\"column\">\n\t\t\t<div class=\"elementor-widget-wrap elementor-element-populated\">\n\t\t\t\t\t\t<div class=\"elementor-element elementor-element-b5d284b elementor-widget elementor-widget-image\" data-id=\"b5d284b\" data-element_type=\"widget\" data-widget_type=\"image.default\">\n\t\t\t\t<div class=\"elementor-widget-container\">\n\t\t\t\t\t\t\t\t\t\t\t\t\t\t\t\t<a href=\"https:\/\/open.spotify.com\/show\/2W5jsv1a4nSSxlIwWqjzbm?si=bd0b7603b40647e5\">\n\t\t\t\t\t\t\t<img fetchpriority=\"high\" decoding=\"async\" width=\"300\" height=\"249\" src=\"https:\/\/fredrikstole.com\/wp-content\/uploads\/2023\/06\/Ferden-til-FIRE_MM_2-e1687642021822-300x249.png\" class=\"attachment-medium size-medium wp-image-1330\" alt=\"\" srcset=\"https:\/\/fredrikstole.com\/wp-content\/uploads\/2023\/06\/Ferden-til-FIRE_MM_2-e1687642021822-300x249.png 300w, https:\/\/fredrikstole.com\/wp-content\/uploads\/2023\/06\/Ferden-til-FIRE_MM_2-e1687642021822.png 496w\" sizes=\"(max-width: 300px) 100vw, 300px\" \/>\t\t\t\t\t\t\t\t<\/a>\n\t\t\t\t\t\t\t\t\t\t\t\t\t\t\t<\/div>\n\t\t\t\t<\/div>\n\t\t\t\t\t<\/div>\n\t\t<\/div>\n\t\t\t\t<div class=\"elementor-column elementor-col-50 elementor-top-column elementor-element elementor-element-7d00c84\" data-id=\"7d00c84\" data-element_type=\"column\">\n\t\t\t<div class=\"elementor-widget-wrap elementor-element-populated\">\n\t\t\t\t\t\t<div class=\"elementor-element elementor-element-c4a00e2 elementor-widget elementor-widget-heading\" data-id=\"c4a00e2\" data-element_type=\"widget\" data-widget_type=\"heading.default\">\n\t\t\t\t<div class=\"elementor-widget-container\">\n\t\t\t\t\t<h4 class=\"elementor-heading-title elementor-size-default\"><span style=\", sans-serif;font-size: 60px\">Podcast<\/span><\/h4>\t\t\t\t<\/div>\n\t\t\t\t<\/div>\n\t\t\t\t<div class=\"elementor-element elementor-element-f06fcd5 elementor-widget elementor-widget-text-editor\" data-id=\"f06fcd5\" data-element_type=\"widget\" data-widget_type=\"text-editor.default\">\n\t\t\t\t<div class=\"elementor-widget-container\">\n\t\t\t\t\t\t\t\t\t<p style=\"font-size: 20px; font-style: normal; font-weight: 400;\">Har du et tema du \u00f8nsker dekket?\u00a0<\/p><p style=\"font-size: 20px; font-style: normal; font-weight: 400;\">Kjenner du noen som burde v\u00e6re gjest?\u00a0<\/p><p style=\"font-size: 20px; font-style: normal; font-weight: 400;\">Eller har du lyst \u00e5 v\u00e6re en gjest selv?<\/p><p style=\"font-size: 20px; font-style: normal; font-weight: 400;\">Kanskje du \u00f8nsker \u00e5 v\u00e6re sponsor p\u00e5 podcasten?<br \/>Kanskje du \u00f8nsker \u00e5 v\u00e6re sponsor p\u00e5 podcasten?<\/p>\t\t\t\t\t\t\t\t<\/div>\n\t\t\t\t<\/div>\n\t\t\t\t<div class=\"elementor-element elementor-element-3260f4f elementor-widget elementor-widget-heading\" data-id=\"3260f4f\" data-element_type=\"widget\" data-widget_type=\"heading.default\">\n\t\t\t\t<div class=\"elementor-widget-container\">\n\t\t\t\t\t<h3 class=\"elementor-heading-title elementor-size-default\"><a href=\"mailto:email@fredrikstole.com?subject=(Hva%20kontakter%20du%20meg%20for%3F)&#038;body=Hei%20Fredrik!%0D%0A%0D%0A(Fyll%20hva%20du%20lurer%20p%C3%A5)\">Send meg en mail!<\/a><\/h3>\t\t\t\t<\/div>\n\t\t\t\t<\/div>\n\t\t\t\t\t<\/div>\n\t\t<\/div>\n\t\t\t\t\t<\/div>\n\t\t<\/section>\n\t\t\t\t<section class=\"elementor-section elementor-top-section elementor-element elementor-element-81b0575 elementor-section-boxed elementor-section-height-default elementor-section-height-default\" data-id=\"81b0575\" data-element_type=\"section\">\n\t\t\t\t\t\t<div class=\"elementor-container elementor-column-gap-default\">\n\t\t\t\t\t<div class=\"elementor-column elementor-col-50 elementor-top-column elementor-element elementor-element-15cfb90\" data-id=\"15cfb90\" data-element_type=\"column\">\n\t\t\t<div class=\"elementor-widget-wrap elementor-element-populated\">\n\t\t\t\t\t\t<div class=\"elementor-element elementor-element-a26d886 elementor-widget elementor-widget-image\" data-id=\"a26d886\" data-element_type=\"widget\" data-widget_type=\"image.default\">\n\t\t\t\t<div class=\"elementor-widget-container\">\n\t\t\t\t\t\t\t\t\t\t\t\t\t\t\t\t<a href=\"https:\/\/www.instagram.com\/fredrik.stole\/\">\n\t\t\t\t\t\t\t<img decoding=\"async\" width=\"300\" height=\"300\" src=\"https:\/\/fredrikstole.com\/wp-content\/uploads\/2023\/06\/cropped-FF_Logo_Transparent-300x300.png\" class=\"attachment-medium size-medium wp-image-1359\" alt=\"\" srcset=\"https:\/\/fredrikstole.com\/wp-content\/uploads\/2023\/06\/cropped-FF_Logo_Transparent-300x300.png 300w, https:\/\/fredrikstole.com\/wp-content\/uploads\/2023\/06\/cropped-FF_Logo_Transparent-150x150.png 150w, https:\/\/fredrikstole.com\/wp-content\/uploads\/2023\/06\/cropped-FF_Logo_Transparent-270x270.png 270w, https:\/\/fredrikstole.com\/wp-content\/uploads\/2023\/06\/cropped-FF_Logo_Transparent-192x192.png 192w, https:\/\/fredrikstole.com\/wp-content\/uploads\/2023\/06\/cropped-FF_Logo_Transparent-180x180.png 180w, https:\/\/fredrikstole.com\/wp-content\/uploads\/2023\/06\/cropped-FF_Logo_Transparent-32x32.png 32w, https:\/\/fredrikstole.com\/wp-content\/uploads\/2023\/06\/cropped-FF_Logo_Transparent.png 512w\" sizes=\"(max-width: 300px) 100vw, 300px\" \/>\t\t\t\t\t\t\t\t<\/a>\n\t\t\t\t\t\t\t\t\t\t\t\t\t\t\t<\/div>\n\t\t\t\t<\/div>\n\t\t\t\t\t<\/div>\n\t\t<\/div>\n\t\t\t\t<div class=\"elementor-column elementor-col-50 elementor-top-column elementor-element elementor-element-97c09ce\" data-id=\"97c09ce\" data-element_type=\"column\">\n\t\t\t<div class=\"elementor-widget-wrap elementor-element-populated\">\n\t\t\t\t\t\t<div class=\"elementor-element elementor-element-cfc6530 elementor-widget elementor-widget-heading\" data-id=\"cfc6530\" data-element_type=\"widget\" data-widget_type=\"heading.default\">\n\t\t\t\t<div class=\"elementor-widget-container\">\n\t\t\t\t\t<h4 class=\"elementor-heading-title elementor-size-default\"><span style=\", sans-serif;font-size: 60px\">YouTube<\/span><\/h4>\t\t\t\t<\/div>\n\t\t\t\t<\/div>\n\t\t\t\t<div class=\"elementor-element elementor-element-03929f8 elementor-widget elementor-widget-text-editor\" data-id=\"03929f8\" data-element_type=\"widget\" data-widget_type=\"text-editor.default\">\n\t\t\t\t<div class=\"elementor-widget-container\">\n\t\t\t\t\t\t\t\t\t<p style=\"font-size: 20px; font-style: normal; font-weight: 400;\">Har du et tema du \u00f8nsker dekket?<\/p><p style=\"font-size: 20px; font-style: normal; font-weight: 400;\">Kjenner du noen som burde v\u00e6re gjest?<\/p><p style=\"font-size: 20px; font-style: normal; font-weight: 400;\">Eller har du lyst \u00e5 v\u00e6re en gjest selv?<\/p><p style=\"font-size: 20px; font-style: normal; font-weight: 400;\">Kanskje du \u00f8nsker \u00e5 v\u00e6re sponsor p\u00e5 podcasten?<\/p>\t\t\t\t\t\t\t\t<\/div>\n\t\t\t\t<\/div>\n\t\t\t\t<div class=\"elementor-element elementor-element-4321ce8 elementor-widget elementor-widget-heading\" data-id=\"4321ce8\" data-element_type=\"widget\" data-widget_type=\"heading.default\">\n\t\t\t\t<div class=\"elementor-widget-container\">\n\t\t\t\t\t<h3 class=\"elementor-heading-title elementor-size-default\"><a href=\"mailto:email@fredrikstole.com?subject=(Hva%20kontakter%20du%20meg%20for%3F)&#038;body=Hei%20Fredrik!%0D%0A%0D%0A(Fyll%20hva%20du%20lurer%20p%C3%A5)\">Send meg en mail!<\/a><\/h3>\t\t\t\t<\/div>\n\t\t\t\t<\/div>\n\t\t\t\t\t<\/div>\n\t\t<\/div>\n\t\t\t\t\t<\/div>\n\t\t<\/section>\n\t\t\t\t<section class=\"elementor-section elementor-top-section elementor-element elementor-element-f2400c1 elementor-section-boxed elementor-section-height-default elementor-section-height-default\" data-id=\"f2400c1\" data-element_type=\"section\">\n\t\t\t\t\t\t<div class=\"elementor-container elementor-column-gap-default\">\n\t\t\t\t\t<div class=\"elementor-column elementor-col-50 elementor-top-column elementor-element elementor-element-7609ad3\" data-id=\"7609ad3\" data-element_type=\"column\">\n\t\t\t<div class=\"elementor-widget-wrap elementor-element-populated\">\n\t\t\t\t\t\t<div class=\"elementor-element elementor-element-3dd6d97 elementor-widget elementor-widget-image\" data-id=\"3dd6d97\" data-element_type=\"widget\" data-widget_type=\"image.default\">\n\t\t\t\t<div class=\"elementor-widget-container\">\n\t\t\t\t\t\t\t\t\t\t\t\t\t\t\t<img decoding=\"async\" width=\"768\" height=\"435\" src=\"https:\/\/fredrikstole.com\/wp-content\/uploads\/2023\/06\/SmartSelect_20201110-185323_Messenger-e1687190379416-768x435.jpg\" class=\"attachment-medium_large size-medium_large wp-image-1364\" alt=\"\" \/>\t\t\t\t\t\t\t\t\t\t\t\t\t\t\t<\/div>\n\t\t\t\t<\/div>\n\t\t\t\t\t<\/div>\n\t\t<\/div>\n\t\t\t\t<div class=\"elementor-column elementor-col-50 elementor-top-column elementor-element elementor-element-40bfc21\" data-id=\"40bfc21\" data-element_type=\"column\">\n\t\t\t<div class=\"elementor-widget-wrap elementor-element-populated\">\n\t\t\t\t\t\t<div class=\"elementor-element elementor-element-2e89762 elementor-widget elementor-widget-heading\" data-id=\"2e89762\" data-element_type=\"widget\" data-widget_type=\"heading.default\">\n\t\t\t\t<div class=\"elementor-widget-container\">\n\t\t\t\t\t<h4 class=\"elementor-heading-title elementor-size-default\"><span style=\", sans-serif;font-size: 60px\">Foredrag<\/span><\/h4>\t\t\t\t<\/div>\n\t\t\t\t<\/div>\n\t\t\t\t<div class=\"elementor-element elementor-element-18dff64 elementor-widget elementor-widget-text-editor\" data-id=\"18dff64\" data-element_type=\"widget\" data-widget_type=\"text-editor.default\">\n\t\t\t\t<div class=\"elementor-widget-container\">\n\t\t\t\t\t\t\t\t\t<p style=\"font-size: 20px; font-style: normal; font-weight: 400;\">\u00d8nsker du at jeg skal snakke om \u00f8konomi, F.I.R.E eller livssyn og tror du har riktig gruppe mennesker for budskapet?<\/p><p style=\"font-size: 20px; font-style: normal; font-weight: 400;\">Jeg er \u00e5pen for b\u00e5de virituelt og i person.<\/p>\t\t\t\t\t\t\t\t<\/div>\n\t\t\t\t<\/div>\n\t\t\t\t<div class=\"elementor-element elementor-element-bef3d45 elementor-widget elementor-widget-heading\" data-id=\"bef3d45\" data-element_type=\"widget\" data-widget_type=\"heading.default\">\n\t\t\t\t<div class=\"elementor-widget-container\">\n\t\t\t\t\t<h3 class=\"elementor-heading-title elementor-size-default\"><a href=\"mailto:email@fredrikstole.com?subject=(Hva%20kontakter%20du%20meg%20for%3F)&#038;body=Hei%20Fredrik!%0D%0A%0D%0A(Fyll%20hva%20du%20lurer%20p%C3%A5)\">Send meg en mail!<\/a><\/h3>\t\t\t\t<\/div>\n\t\t\t\t<\/div>\n\t\t\t\t\t<\/div>\n\t\t<\/div>\n\t\t\t\t\t<\/div>\n\t\t<\/section>\n\t\t\t\t<section class=\"elementor-section elementor-top-section elementor-element elementor-element-e4048f5 elementor-section-boxed elementor-section-height-default elementor-section-height-default\" data-id=\"e4048f5\" data-element_type=\"section\">\n\t\t\t\t\t\t<div class=\"elementor-container elementor-column-gap-default\">\n\t\t\t\t\t<div class=\"elementor-column elementor-col-50 elementor-top-column elementor-element elementor-element-a074d1a\" data-id=\"a074d1a\" data-element_type=\"column\">\n\t\t\t<div class=\"elementor-widget-wrap elementor-element-populated\">\n\t\t\t\t\t\t<div class=\"elementor-element elementor-element-85b846f elementor-widget elementor-widget-image\" data-id=\"85b846f\" data-element_type=\"widget\" data-widget_type=\"image.default\">\n\t\t\t\t<div class=\"elementor-widget-container\">\n\t\t\t\t\t\t\t\t\t\t\t\t\t\t\t\t<a href=\"https:\/\/www.instagram.com\/fredrik.stole\/\">\n\t\t\t\t\t\t\t<img loading=\"lazy\" decoding=\"async\" width=\"768\" height=\"512\" src=\"https:\/\/fredrikstole.com\/wp-content\/uploads\/2023\/06\/20191007153946_IMG_1020-768x512.jpg\" class=\"attachment-medium_large size-medium_large wp-image-1346\" alt=\"\" srcset=\"https:\/\/fredrikstole.com\/wp-content\/uploads\/2023\/06\/20191007153946_IMG_1020-768x512.jpg 768w, https:\/\/fredrikstole.com\/wp-content\/uploads\/2023\/06\/20191007153946_IMG_1020-300x200.jpg 300w, https:\/\/fredrikstole.com\/wp-content\/uploads\/2023\/06\/20191007153946_IMG_1020-1024x683.jpg 1024w, https:\/\/fredrikstole.com\/wp-content\/uploads\/2023\/06\/20191007153946_IMG_1020-1536x1024.jpg 1536w, https:\/\/fredrikstole.com\/wp-content\/uploads\/2023\/06\/20191007153946_IMG_1020-2048x1365.jpg 2048w\" sizes=\"(max-width: 768px) 100vw, 768px\" \/>\t\t\t\t\t\t\t\t<\/a>\n\t\t\t\t\t\t\t\t\t\t\t\t\t\t\t<\/div>\n\t\t\t\t<\/div>\n\t\t\t\t\t<\/div>\n\t\t<\/div>\n\t\t\t\t<div class=\"elementor-column elementor-col-50 elementor-top-column elementor-element elementor-element-837baff\" data-id=\"837baff\" data-element_type=\"column\">\n\t\t\t<div class=\"elementor-widget-wrap elementor-element-populated\">\n\t\t\t\t\t\t<div class=\"elementor-element elementor-element-86b54fc elementor-widget elementor-widget-heading\" data-id=\"86b54fc\" data-element_type=\"widget\" data-widget_type=\"heading.default\">\n\t\t\t\t<div class=\"elementor-widget-container\">\n\t\t\t\t\t<h4 class=\"elementor-heading-title elementor-size-default\"><font face=\"Open Sans, sans-serif\"><span style=\"font-size: 50px\">Samarbeid<\/span><\/font><\/h4>\t\t\t\t<\/div>\n\t\t\t\t<\/div>\n\t\t\t\t<div class=\"elementor-element elementor-element-2f9b125 elementor-widget elementor-widget-text-editor\" data-id=\"2f9b125\" data-element_type=\"widget\" data-widget_type=\"text-editor.default\">\n\t\t\t\t<div class=\"elementor-widget-container\">\n\t\t\t\t\t\t\t\t\t<p style=\"font-size: 20px; font-style: normal; font-weight: 400;\">Har du lyst til \u00e5 sammarbeide med meg om et prosjekt eller annet?<\/p>\t\t\t\t\t\t\t\t<\/div>\n\t\t\t\t<\/div>\n\t\t\t\t<div class=\"elementor-element elementor-element-d67f9b3 elementor-widget elementor-widget-heading\" data-id=\"d67f9b3\" data-element_type=\"widget\" data-widget_type=\"heading.default\">\n\t\t\t\t<div class=\"elementor-widget-container\">\n\t\t\t\t\t<h3 class=\"elementor-heading-title elementor-size-default\"><a href=\"mailto:email@fredrikstole.com?subject=(Hva%20kontakter%20du%20meg%20for%3F)&#038;body=Hei%20Fredrik!%0D%0A%0D%0A(Fyll%20hva%20du%20lurer%20p%C3%A5)\">Send meg en mail!<\/a><\/h3>\t\t\t\t<\/div>\n\t\t\t\t<\/div>\n\t\t\t\t\t<\/div>\n\t\t<\/div>\n\t\t\t\t\t<\/div>\n\t\t<\/section>\n\t\t\t\t<\/div>\n\t\t","protected":false},"excerpt":{"rendered":"<p>Kontakt meg Podcast Har du et tema du \u00f8nsker dekket?\u00a0 Kjenner du noen som burde v\u00e6re gjest?\u00a0 Eller har du lyst \u00e5 v\u00e6re en gjest selv? Kanskje du \u00f8nsker \u00e5 v\u00e6re sponsor p\u00e5 podcasten?Kanskje du \u00f8nsker \u00e5 v\u00e6re sponsor p\u00e5 podcasten? Send meg en mail! YouTube Har du et tema du \u00f8nsker dekket? Kjenner du &hellip;<\/p>\n<p class=\"read-more\"> <a class=\"\" href=\"https:\/\/fredrikstole.com\/index.php\/kontakt\/\"> <span class=\"screen-reader-text\">Kontakt<\/span> Read More &raquo;<\/a><\/p>\n","protected":false},"author":1,"featured_media":0,"parent":0,"menu_order":0,"comment_status":"closed","ping_status":"closed","template":"","meta":{"_uag_custom_page_level_css":"","site-sidebar-layout":"no-sidebar","site-content-layout":"page-builder","ast-site-content-layout":"","site-content-style":"default","site-sidebar-style":"default","ast-global-header-display":"","ast-banner-title-visibility":"","ast-main-header-display":"","ast-hfb-above-header-display":"","ast-hfb-below-header-display":"","ast-hfb-mobile-header-display":"","site-post-title":"disabled","ast-breadcrumbs-content":"","ast-featured-img":"disabled","footer-sml-layout":"","theme-transparent-header-meta":"enabled","adv-header-id-meta":"","stick-header-meta":"","header-above-stick-meta":"","header-main-stick-meta":"","header-below-stick-meta":"","astra-migrate-meta-layouts":"default","ast-page-background-enabled":"default","ast-page-background-meta":{"desktop":{"background-color":"var(--ast-global-color-4)","background-image":"","background-repeat":"repeat","background-position":"center center","background-size":"auto","background-attachment":"scroll","background-type":"","background-media":"","overlay-type":"","overlay-color":"","overlay-gradient":""},"tablet":{"background-color":"","background-image":"","background-repeat":"repeat","background-position":"center center","background-size":"auto","background-attachment":"scroll","background-type":"","background-media":"","overlay-type":"","overlay-color":"","overlay-gradient":""},"mobile":{"background-color":"","background-image":"","background-repeat":"repeat","background-position":"center center","background-size":"auto","background-attachment":"scroll","background-type":"","background-media":"","overlay-type":"","overlay-color":"","overlay-gradient":""}},"ast-content-background-meta":{"desktop":{"background-color":"var(--ast-global-color-5)","background-image":"","background-repeat":"repeat","background-position":"center center","background-size":"auto","background-attachment":"scroll","background-type":"","background-media":"","overlay-type":"","overlay-color":"","overlay-gradient":""},"tablet":{"background-color":"var(--ast-global-color-5)","background-image":"","background-repeat":"repeat","background-position":"center center","background-size":"auto","background-attachment":"scroll","background-type":"","background-media":"","overlay-type":"","overlay-color":"","overlay-gradient":""},"mobile":{"background-color":"var(--ast-global-color-5)","background-image":"","background-repeat":"repeat","background-position":"center center","background-size":"auto","background-attachment":"scroll","background-type":"","background-media":"","overlay-type":"","overlay-color":"","overlay-gradient":""}},"footnotes":""},"jetpack_sharing_enabled":true,"uagb_featured_image_src":{"full":false,"thumbnail":false,"medium":false,"medium_large":false,"large":false,"1536x1536":false,"2048x2048":false,"woocommerce_thumbnail":false,"woocommerce_single":false,"woocommerce_gallery_thumbnail":false},"uagb_author_info":{"display_name":"fredrikstole.com","author_link":"https:\/\/fredrikstole.com\/index.php\/author\/fredrikstole-com\/"},"uagb_comment_info":0,"uagb_excerpt":"Kontakt meg Podcast Har du et tema du \u00f8nsker dekket?\u00a0 Kjenner du noen som burde v\u00e6re gjest?\u00a0 Eller har du lyst \u00e5 v\u00e6re en gjest selv? Kanskje du \u00f8nsker \u00e5 v\u00e6re sponsor p\u00e5 podcasten?Kanskje du \u00f8nsker \u00e5 v\u00e6re sponsor p\u00e5 podcasten? Send meg en mail! YouTube Har du et tema du \u00f8nsker dekket? Kjenner du&hellip;","_links":{"self":[{"href":"https:\/\/fredrikstole.com\/index.php\/wp-json\/wp\/v2\/pages\/1320"}],"collection":[{"href":"https:\/\/fredrikstole.com\/index.php\/wp-json\/wp\/v2\/pages"}],"about":[{"href":"https:\/\/fredrikstole.com\/index.php\/wp-json\/wp\/v2\/types\/page"}],"author":[{"embeddable":true,"href":"https:\/\/fredrikstole.com\/index.php\/wp-json\/wp\/v2\/users\/1"}],"replies":[{"embeddable":true,"href":"https:\/\/fredrikstole.com\/index.php\/wp-json\/wp\/v2\/comments?post=1320"}],"version-history":[{"count":80,"href":"https:\/\/fredrikstole.com\/index.php\/wp-json\/wp\/v2\/pages\/1320\/revisions"}],"predecessor-version":[{"id":3743,"href":"https:\/\/fredrikstole.com\/index.php\/wp-json\/wp\/v2\/pages\/1320\/revisions\/3743"}],"wp:attachment":[{"href":"https:\/\/fredrikstole.com\/index.php\/wp-json\/wp\/v2\/media?parent=1320"}],"curies":[{"name":"wp","href":"https:\/\/api.w.org\/{rel}","templated":true}]}}