{"id":1319,"date":"2021-11-21T15:14:19","date_gmt":"2021-11-21T14:14:19","guid":{"rendered":"https:\/\/fredrikstole.com\/index.php\/about\/"},"modified":"2023-11-03T20:22:21","modified_gmt":"2023-11-03T19:22:21","slug":"om-meg","status":"publish","type":"page","link":"https:\/\/fredrikstole.com\/index.php\/om-meg\/","title":{"rendered":"Om meg"},"content":{"rendered":"\t\t<div data-elementor-type=\"wp-page\" data-elementor-id=\"1319\" class=\"elementor elementor-1319\">\n\t\t\t\t\t\t<section class=\"elementor-section elementor-top-section elementor-element elementor-element-03bffb8 elementor-section-height-min-height elementor-section-boxed elementor-section-height-default elementor-section-items-middle\" data-id=\"03bffb8\" data-element_type=\"section\" data-settings=\"{&quot;background_background&quot;:&quot;classic&quot;}\">\n\t\t\t\t\t\t\t<div class=\"elementor-background-overlay\"><\/div>\n\t\t\t\t\t\t\t<div class=\"elementor-container elementor-column-gap-default\">\n\t\t\t\t\t<div class=\"elementor-column elementor-col-100 elementor-top-column elementor-element elementor-element-223e12c\" data-id=\"223e12c\" data-element_type=\"column\">\n\t\t\t<div class=\"elementor-widget-wrap elementor-element-populated\">\n\t\t\t\t\t\t<div class=\"elementor-element elementor-element-2685453 e-transform elementor-widget elementor-widget-heading\" data-id=\"2685453\" data-element_type=\"widget\" data-settings=\"{&quot;_transform_scale_effect&quot;:{&quot;unit&quot;:&quot;px&quot;,&quot;size&quot;:0.8,&quot;sizes&quot;:[]},&quot;_transform_scale_effect_tablet&quot;:{&quot;unit&quot;:&quot;px&quot;,&quot;size&quot;:&quot;&quot;,&quot;sizes&quot;:[]},&quot;_transform_scale_effect_mobile&quot;:{&quot;unit&quot;:&quot;px&quot;,&quot;size&quot;:&quot;&quot;,&quot;sizes&quot;:[]}}\" data-widget_type=\"heading.default\">\n\t\t\t\t<div class=\"elementor-widget-container\">\n\t\t\t\t\t<h1 class=\"elementor-heading-title elementor-size-large\">Hvem er jeg?<\/h1>\t\t\t\t<\/div>\n\t\t\t\t<\/div>\n\t\t\t\t\t<\/div>\n\t\t<\/div>\n\t\t\t\t\t<\/div>\n\t\t<\/section>\n\t\t\t\t<section class=\"elementor-section elementor-top-section elementor-element elementor-element-9120b7f elementor-section-boxed elementor-section-height-default elementor-section-height-default\" data-id=\"9120b7f\" data-element_type=\"section\">\n\t\t\t\t\t\t<div class=\"elementor-container elementor-column-gap-default\">\n\t\t\t\t\t<div class=\"elementor-column elementor-col-100 elementor-top-column elementor-element elementor-element-cf2200c\" data-id=\"cf2200c\" data-element_type=\"column\">\n\t\t\t<div class=\"elementor-widget-wrap elementor-element-populated\">\n\t\t\t\t\t\t<div class=\"elementor-element elementor-element-3dc998b elementor-widget elementor-widget-heading\" data-id=\"3dc998b\" data-element_type=\"widget\" data-widget_type=\"heading.default\">\n\t\t\t\t<div class=\"elementor-widget-container\">\n\t\t\t\t\t<h4 class=\"elementor-heading-title elementor-size-default\">\u201cMitt \u00f8nske er at \u00f8konomi ikke skal v\u00e6re en hindring, men et verkt\u00f8y til \u00e5 skape ditt dr\u00f8mmeliv\u201d<\/h4>\t\t\t\t<\/div>\n\t\t\t\t<\/div>\n\t\t\t\t\t<\/div>\n\t\t<\/div>\n\t\t\t\t\t<\/div>\n\t\t<\/section>\n\t\t\t\t<section class=\"elementor-section elementor-top-section elementor-element elementor-element-6589472 elementor-section-boxed elementor-section-height-default elementor-section-height-default\" data-id=\"6589472\" data-element_type=\"section\">\n\t\t\t\t\t\t<div class=\"elementor-container elementor-column-gap-default\">\n\t\t\t\t\t<div class=\"elementor-column elementor-col-100 elementor-top-column elementor-element elementor-element-9a29533\" data-id=\"9a29533\" data-element_type=\"column\">\n\t\t\t<div class=\"elementor-widget-wrap elementor-element-populated\">\n\t\t\t\t\t\t<div class=\"elementor-element elementor-element-c27f334 elementor-widget elementor-widget-text-editor\" data-id=\"c27f334\" data-element_type=\"widget\" data-widget_type=\"text-editor.default\">\n\t\t\t\t<div class=\"elementor-widget-container\">\n\t\t\t\t\t\t\t\t\t<p style=\"font-size: 20px; font-style: normal; font-weight: 400; text-align: center;\">Som en overengasjert type med mange interesser som har utviklet en brennende begeistring for privat\u00f8konomi. Med en forkj\u00e6rlighet for filosofi og tanker om \u00e5 leve et godt liv kombinert med \u00f8konomi er dette et budskap jeg \u00f8nsker \u00e5 bringe til deg!\u00a0<\/p><p style=\"font-size: 20px; font-style: normal; font-weight: 400; text-align: center;\">\u00a0<\/p><p style=\"font-size: 20px; font-style: normal; font-weight: 400; text-align: center;\">\u00a0<\/p><p style=\"font-size: 20px; font-style: normal; font-weight: 400; text-align: center;\">F\u00f8dt i Trondheim og adoptert av Fredrikstad med b\u00e5de r\u00f8tter fra Norge og Nepal er bakgrunnen variert hvor jeg har v\u00e6rt heldig og f\u00e5 komme i kontakt med mange ulike personer, tanker, kulturer og livssyn.<\/p><p style=\"font-size: 20px; font-style: normal; font-weight: 400; text-align: center;\">\u00a0<\/p><p style=\"font-size: 20px; font-style: normal; font-weight: 400; text-align: center;\">Jeg ble \u00f8konomisk bevisst i 2019 og har tatt grep for bedre kontroll p\u00e5 \u00f8konomien for et godt fundament som kan b\u00e6re mine livs ambisjoner og visjoner\ud83d\udd25<\/p>\t\t\t\t\t\t\t\t<\/div>\n\t\t\t\t<\/div>\n\t\t\t\t\t<\/div>\n\t\t<\/div>\n\t\t\t\t\t<\/div>\n\t\t<\/section>\n\t\t\t\t<section class=\"elementor-section elementor-top-section elementor-element elementor-element-cd35be5 elementor-section-boxed elementor-section-height-default elementor-section-height-default\" data-id=\"cd35be5\" data-element_type=\"section\">\n\t\t\t\t\t\t<div class=\"elementor-container elementor-column-gap-default\">\n\t\t\t\t\t<div class=\"elementor-column elementor-col-25 elementor-top-column elementor-element elementor-element-940c3ee\" data-id=\"940c3ee\" data-element_type=\"column\">\n\t\t\t<div class=\"elementor-widget-wrap elementor-element-populated\">\n\t\t\t\t\t\t<div class=\"elementor-element elementor-element-ea1cf66 elementor-widget elementor-widget-image\" data-id=\"ea1cf66\" data-element_type=\"widget\" data-widget_type=\"image.default\">\n\t\t\t\t<div class=\"elementor-widget-container\">\n\t\t\t\t\t\t\t\t\t\t\t\t\t\t\t<img fetchpriority=\"high\" decoding=\"async\" width=\"1024\" height=\"919\" src=\"https:\/\/fredrikstole.com\/wp-content\/uploads\/2023\/07\/under-construction-g3d2fa1094_1280-1024x919.png\" class=\"attachment-large size-large wp-image-2203\" alt=\"\" srcset=\"https:\/\/fredrikstole.com\/wp-content\/uploads\/2023\/07\/under-construction-g3d2fa1094_1280-1024x919.png 1024w, https:\/\/fredrikstole.com\/wp-content\/uploads\/2023\/07\/under-construction-g3d2fa1094_1280-300x269.png 300w, https:\/\/fredrikstole.com\/wp-content\/uploads\/2023\/07\/under-construction-g3d2fa1094_1280-768x689.png 768w, https:\/\/fredrikstole.com\/wp-content\/uploads\/2023\/07\/under-construction-g3d2fa1094_1280.png 1280w\" sizes=\"(max-width: 1024px) 100vw, 1024px\" \/>\t\t\t\t\t\t\t\t\t\t\t\t\t\t\t<\/div>\n\t\t\t\t<\/div>\n\t\t\t\t<div class=\"elementor-element elementor-element-d35be41 elementor-widget elementor-widget-heading\" data-id=\"d35be41\" data-element_type=\"widget\" data-widget_type=\"heading.default\">\n\t\t\t\t<div class=\"elementor-widget-container\">\n\t\t\t\t\t<h3 class=\"elementor-heading-title elementor-size-default\">Min personlige histore<img decoding=\"async\" role=\"img\" class=\"emoji\" alt=\"\ud83d\udc76\" src=\"https:\/\/s.w.org\/images\/core\/emoji\/14.0.0\/svg\/1f476.svg\"><br>(Under arbeid)<\/h3>\t\t\t\t<\/div>\n\t\t\t\t<\/div>\n\t\t\t\t<div class=\"elementor-element elementor-element-8fa3d11 elementor-widget elementor-widget-text-editor\" data-id=\"8fa3d11\" data-element_type=\"widget\" data-widget_type=\"text-editor.default\">\n\t\t\t\t<div class=\"elementor-widget-container\">\n\t\t\t\t\t\t\t\t\t<p>Mer informasjon om min oppvekst, skolegang, livsvalg og generell historie.<\/p>\t\t\t\t\t\t\t\t<\/div>\n\t\t\t\t<\/div>\n\t\t\t\t\t<\/div>\n\t\t<\/div>\n\t\t\t\t<div class=\"elementor-column elementor-col-25 elementor-top-column elementor-element elementor-element-f2d5b7c\" data-id=\"f2d5b7c\" data-element_type=\"column\">\n\t\t\t<div class=\"elementor-widget-wrap elementor-element-populated\">\n\t\t\t\t\t\t<div class=\"elementor-element elementor-element-090a386 elementor-widget elementor-widget-image\" data-id=\"090a386\" data-element_type=\"widget\" data-widget_type=\"image.default\">\n\t\t\t\t<div class=\"elementor-widget-container\">\n\t\t\t\t\t\t\t\t\t\t\t\t\t\t\t<img fetchpriority=\"high\" decoding=\"async\" width=\"1024\" height=\"919\" src=\"https:\/\/fredrikstole.com\/wp-content\/uploads\/2023\/07\/under-construction-g3d2fa1094_1280-1024x919.png\" class=\"attachment-large size-large wp-image-2203\" alt=\"\" srcset=\"https:\/\/fredrikstole.com\/wp-content\/uploads\/2023\/07\/under-construction-g3d2fa1094_1280-1024x919.png 1024w, https:\/\/fredrikstole.com\/wp-content\/uploads\/2023\/07\/under-construction-g3d2fa1094_1280-300x269.png 300w, https:\/\/fredrikstole.com\/wp-content\/uploads\/2023\/07\/under-construction-g3d2fa1094_1280-768x689.png 768w, https:\/\/fredrikstole.com\/wp-content\/uploads\/2023\/07\/under-construction-g3d2fa1094_1280.png 1280w\" sizes=\"(max-width: 1024px) 100vw, 1024px\" \/>\t\t\t\t\t\t\t\t\t\t\t\t\t\t\t<\/div>\n\t\t\t\t<\/div>\n\t\t\t\t<div class=\"elementor-element elementor-element-f54adec elementor-widget elementor-widget-heading\" data-id=\"f54adec\" data-element_type=\"widget\" data-widget_type=\"heading.default\">\n\t\t\t\t<div class=\"elementor-widget-container\">\n\t\t\t\t\t<h3 class=\"elementor-heading-title elementor-size-default\">Erfaring og utdanning<img decoding=\"async\" role=\"img\" class=\"emoji\" alt=\"\ud83d\udc68\u200d\ud83c\udf93\" src=\"https:\/\/s.w.org\/images\/core\/emoji\/14.0.0\/svg\/1f468-200d-1f393.svg\"><br>(Under arbeid)<\/h3>\t\t\t\t<\/div>\n\t\t\t\t<\/div>\n\t\t\t\t<div class=\"elementor-element elementor-element-17f4f64 elementor-widget elementor-widget-text-editor\" data-id=\"17f4f64\" data-element_type=\"widget\" data-widget_type=\"text-editor.default\">\n\t\t\t\t<div class=\"elementor-widget-container\">\n\t\t\t\t\t\t\t\t\t<p>Lurer du p\u00e5 min kompetanse?<br \/>Sjekk det ut!<\/p>\t\t\t\t\t\t\t\t<\/div>\n\t\t\t\t<\/div>\n\t\t\t\t\t<\/div>\n\t\t<\/div>\n\t\t\t\t<div class=\"elementor-column elementor-col-25 elementor-top-column elementor-element elementor-element-ce7814f\" data-id=\"ce7814f\" data-element_type=\"column\">\n\t\t\t<div class=\"elementor-widget-wrap elementor-element-populated\">\n\t\t\t\t\t\t<div class=\"elementor-element elementor-element-1378e93 elementor-widget elementor-widget-image\" data-id=\"1378e93\" data-element_type=\"widget\" data-widget_type=\"image.default\">\n\t\t\t\t<div class=\"elementor-widget-container\">\n\t\t\t\t\t\t\t\t\t\t\t\t\t\t\t\t<a href=\"https:\/\/fredrikstole.com\/index.php\/om-meg\/ferden-til-fire\/\">\n\t\t\t\t\t\t\t<img decoding=\"async\" width=\"1024\" height=\"692\" src=\"https:\/\/fredrikstole.com\/wp-content\/uploads\/2023\/09\/fire-123784_1920-1024x692.jpg\" class=\"attachment-large size-large wp-image-2455\" alt=\"\" srcset=\"https:\/\/fredrikstole.com\/wp-content\/uploads\/2023\/09\/fire-123784_1920-1024x692.jpg 1024w, https:\/\/fredrikstole.com\/wp-content\/uploads\/2023\/09\/fire-123784_1920-300x203.jpg 300w, https:\/\/fredrikstole.com\/wp-content\/uploads\/2023\/09\/fire-123784_1920-768x519.jpg 768w, https:\/\/fredrikstole.com\/wp-content\/uploads\/2023\/09\/fire-123784_1920-1536x1038.jpg 1536w, https:\/\/fredrikstole.com\/wp-content\/uploads\/2023\/09\/fire-123784_1920.jpg 1920w\" sizes=\"(max-width: 1024px) 100vw, 1024px\" \/>\t\t\t\t\t\t\t\t<\/a>\n\t\t\t\t\t\t\t\t\t\t\t\t\t\t\t<\/div>\n\t\t\t\t<\/div>\n\t\t\t\t<div class=\"elementor-element elementor-element-6260bc9 elementor-widget elementor-widget-heading\" data-id=\"6260bc9\" data-element_type=\"widget\" data-widget_type=\"heading.default\">\n\t\t\t\t<div class=\"elementor-widget-container\">\n\t\t\t\t\t<h3 class=\"elementor-heading-title elementor-size-default\"><a href=\"https:\/\/fredrikstole.com\/index.php\/om-meg\/ferden-til-fire\/\">Min ferd til F.I.R.E. <img decoding=\"async\" role=\"img\" class=\"emoji\" alt=\"\ud83d\udd25\" src=\"https:\/\/s.w.org\/images\/core\/emoji\/14.0.0\/svg\/1f525.svg\"><\/a><\/h3>\t\t\t\t<\/div>\n\t\t\t\t<\/div>\n\t\t\t\t<div class=\"elementor-element elementor-element-3a99000 elementor-widget elementor-widget-text-editor\" data-id=\"3a99000\" data-element_type=\"widget\" data-widget_type=\"text-editor.default\">\n\t\t\t\t<div class=\"elementor-widget-container\">\n\t\t\t\t\t\t\t\t\t<p>Nyskjerrig p\u00e5 min ferd til F.I.R.E? <br \/>Sjekk det ut!<\/p>\t\t\t\t\t\t\t\t<\/div>\n\t\t\t\t<\/div>\n\t\t\t\t\t<\/div>\n\t\t<\/div>\n\t\t\t\t<div class=\"elementor-column elementor-col-25 elementor-top-column elementor-element elementor-element-a3f2ee1\" data-id=\"a3f2ee1\" data-element_type=\"column\">\n\t\t\t<div class=\"elementor-widget-wrap elementor-element-populated\">\n\t\t\t\t\t\t<div class=\"elementor-element elementor-element-40ec27c elementor-widget elementor-widget-image\" data-id=\"40ec27c\" data-element_type=\"widget\" data-widget_type=\"image.default\">\n\t\t\t\t<div class=\"elementor-widget-container\">\n\t\t\t\t\t\t\t\t\t\t\t\t\t\t\t<img fetchpriority=\"high\" decoding=\"async\" width=\"1024\" height=\"919\" src=\"https:\/\/fredrikstole.com\/wp-content\/uploads\/2023\/07\/under-construction-g3d2fa1094_1280-1024x919.png\" class=\"attachment-large size-large wp-image-2203\" alt=\"\" srcset=\"https:\/\/fredrikstole.com\/wp-content\/uploads\/2023\/07\/under-construction-g3d2fa1094_1280-1024x919.png 1024w, https:\/\/fredrikstole.com\/wp-content\/uploads\/2023\/07\/under-construction-g3d2fa1094_1280-300x269.png 300w, https:\/\/fredrikstole.com\/wp-content\/uploads\/2023\/07\/under-construction-g3d2fa1094_1280-768x689.png 768w, https:\/\/fredrikstole.com\/wp-content\/uploads\/2023\/07\/under-construction-g3d2fa1094_1280.png 1280w\" sizes=\"(max-width: 1024px) 100vw, 1024px\" \/>\t\t\t\t\t\t\t\t\t\t\t\t\t\t\t<\/div>\n\t\t\t\t<\/div>\n\t\t\t\t<div class=\"elementor-element elementor-element-8b927ed elementor-widget elementor-widget-heading\" data-id=\"8b927ed\" data-element_type=\"widget\" data-widget_type=\"heading.default\">\n\t\t\t\t<div class=\"elementor-widget-container\">\n\t\t\t\t\t<h3 class=\"elementor-heading-title elementor-size-default\">Mine bankforhold\ud83c\udfe6<br>(Under arbeid)<\/h3>\t\t\t\t<\/div>\n\t\t\t\t<\/div>\n\t\t\t\t<div class=\"elementor-element elementor-element-80f8f29 elementor-widget elementor-widget-text-editor\" data-id=\"80f8f29\" data-element_type=\"widget\" data-widget_type=\"text-editor.default\">\n\t\t\t\t<div class=\"elementor-widget-container\">\n\t\t\t\t\t\t\t\t\t<p>Nyskjerrig p\u00e5 hvilke banker jeg bruker? <br \/>Sjekk det ut!<\/p>\t\t\t\t\t\t\t\t<\/div>\n\t\t\t\t<\/div>\n\t\t\t\t\t<\/div>\n\t\t<\/div>\n\t\t\t\t\t<\/div>\n\t\t<\/section>\n\t\t\t\t<\/div>\n\t\t","protected":false},"excerpt":{"rendered":"<p>Hvem er jeg? \u201cMitt \u00f8nske er at \u00f8konomi ikke skal v\u00e6re en hindring, men et verkt\u00f8y til \u00e5 skape ditt dr\u00f8mmeliv\u201d Som en overengasjert type med mange interesser som har utviklet en brennende begeistring for privat\u00f8konomi. Med en forkj\u00e6rlighet for filosofi og tanker om \u00e5 leve et godt liv kombinert med \u00f8konomi er dette et &hellip;<\/p>\n<p class=\"read-more\"> <a class=\"\" href=\"https:\/\/fredrikstole.com\/index.php\/om-meg\/\"> <span class=\"screen-reader-text\">Om meg<\/span> Read More &raquo;<\/a><\/p>\n","protected":false},"author":1,"featured_media":0,"parent":0,"menu_order":0,"comment_status":"closed","ping_status":"closed","template":"","meta":{"_uag_custom_page_level_css":"","site-sidebar-layout":"no-sidebar","site-content-layout":"page-builder","ast-site-content-layout":"","site-content-style":"default","site-sidebar-style":"default","ast-global-header-display":"","ast-banner-title-visibility":"","ast-main-header-display":"","ast-hfb-above-header-display":"","ast-hfb-below-header-display":"","ast-hfb-mobile-header-display":"","site-post-title":"disabled","ast-breadcrumbs-content":"","ast-featured-img":"disabled","footer-sml-layout":"","theme-transparent-header-meta":"enabled","adv-header-id-meta":"","stick-header-meta":"","header-above-stick-meta":"","header-main-stick-meta":"","header-below-stick-meta":"","astra-migrate-meta-layouts":"default","ast-page-background-enabled":"default","ast-page-background-meta":{"desktop":{"background-color":"var(--ast-global-color-4)","background-image":"","background-repeat":"repeat","background-position":"center center","background-size":"auto","background-attachment":"scroll","background-type":"","background-media":"","overlay-type":"","overlay-color":"","overlay-gradient":""},"tablet":{"background-color":"","background-image":"","background-repeat":"repeat","background-position":"center center","background-size":"auto","background-attachment":"scroll","background-type":"","background-media":"","overlay-type":"","overlay-color":"","overlay-gradient":""},"mobile":{"background-color":"","background-image":"","background-repeat":"repeat","background-position":"center center","background-size":"auto","background-attachment":"scroll","background-type":"","background-media":"","overlay-type":"","overlay-color":"","overlay-gradient":""}},"ast-content-background-meta":{"desktop":{"background-color":"var(--ast-global-color-5)","background-image":"","background-repeat":"repeat","background-position":"center center","background-size":"auto","background-attachment":"scroll","background-type":"","background-media":"","overlay-type":"","overlay-color":"","overlay-gradient":""},"tablet":{"background-color":"var(--ast-global-color-5)","background-image":"","background-repeat":"repeat","background-position":"center center","background-size":"auto","background-attachment":"scroll","background-type":"","background-media":"","overlay-type":"","overlay-color":"","overlay-gradient":""},"mobile":{"background-color":"var(--ast-global-color-5)","background-image":"","background-repeat":"repeat","background-position":"center center","background-size":"auto","background-attachment":"scroll","background-type":"","background-media":"","overlay-type":"","overlay-color":"","overlay-gradient":""}},"footnotes":""},"jetpack_sharing_enabled":true,"uagb_featured_image_src":{"full":false,"thumbnail":false,"medium":false,"medium_large":false,"large":false,"1536x1536":false,"2048x2048":false,"woocommerce_thumbnail":false,"woocommerce_single":false,"woocommerce_gallery_thumbnail":false},"uagb_author_info":{"display_name":"fredrikstole.com","author_link":"https:\/\/fredrikstole.com\/index.php\/author\/fredrikstole-com\/"},"uagb_comment_info":0,"uagb_excerpt":"Hvem er jeg? \u201cMitt \u00f8nske er at \u00f8konomi ikke skal v\u00e6re en hindring, men et verkt\u00f8y til \u00e5 skape ditt dr\u00f8mmeliv\u201d Som en overengasjert type med mange interesser som har utviklet en brennende begeistring for privat\u00f8konomi. Med en forkj\u00e6rlighet for filosofi og tanker om \u00e5 leve et godt liv kombinert med \u00f8konomi er dette et&hellip;","_links":{"self":[{"href":"https:\/\/fredrikstole.com\/index.php\/wp-json\/wp\/v2\/pages\/1319"}],"collection":[{"href":"https:\/\/fredrikstole.com\/index.php\/wp-json\/wp\/v2\/pages"}],"about":[{"href":"https:\/\/fredrikstole.com\/index.php\/wp-json\/wp\/v2\/types\/page"}],"author":[{"embeddable":true,"href":"https:\/\/fredrikstole.com\/index.php\/wp-json\/wp\/v2\/users\/1"}],"replies":[{"embeddable":true,"href":"https:\/\/fredrikstole.com\/index.php\/wp-json\/wp\/v2\/comments?post=1319"}],"version-history":[{"count":54,"href":"https:\/\/fredrikstole.com\/index.php\/wp-json\/wp\/v2\/pages\/1319\/revisions"}],"predecessor-version":[{"id":2726,"href":"https:\/\/fredrikstole.com\/index.php\/wp-json\/wp\/v2\/pages\/1319\/revisions\/2726"}],"wp:attachment":[{"href":"https:\/\/fredrikstole.com\/index.php\/wp-json\/wp\/v2\/media?parent=1319"}],"curies":[{"name":"wp","href":"https:\/\/api.w.org\/{rel}","templated":true}]}}